{"id":705,"date":"2021-12-14T11:25:44","date_gmt":"2021-12-14T11:25:44","guid":{"rendered":"http:\/\/www.clubatletismojaca.com\/?page_id=705"},"modified":"2026-03-15T16:38:27","modified_gmt":"2026-03-15T16:38:27","slug":"club","status":"publish","type":"page","link":"https:\/\/www.clubatletismojaca.com\/index.php\/club\/","title":{"rendered":"Club"},"content":{"rendered":"<div class=\"vce-row-container\" data-vce-boxed-width=\"true\"><div class=\"vce-row vce-row--col-gap-30 vce-row-equal-height vce-row-content--top\" id=\"el-93784292\" data-vce-do-apply=\"all el-93784292\"><div class=\"vce-row-content\" data-vce-element-content=\"true\"><div class=\"vce-col vce-col--md-auto vce-col--xs-1 vce-col--xs-last vce-col--xs-first vce-col--sm-last vce-col--sm-first vce-col--md-last vce-col--lg-last vce-col--xl-last vce-col--md-first vce-col--lg-first vce-col--xl-first\" id=\"el-31188287\"><div class=\"vce-col-inner\" data-vce-do-apply=\"border margin background  el-31188287\"><div class=\"vce-col-content\" data-vce-element-content=\"true\" data-vce-do-apply=\"padding el-31188287\"><div class=\"vce-single-image-container vce-single-image--align-center\"><div class=\"vce vce-single-image-wrapper\" id=\"el-77dd5ec8\" data-vce-do-apply=\"all el-77dd5ec8\"><figure><div class=\"vce-single-image-inner vce-single-image--absolute\" style=\"padding-bottom: 31%; width: 200px;\"><img loading=\"lazy\" class=\"vce-single-image vcv-lozad\" data-src=\"https:\/\/www.clubatletismojaca.com\/wp-content\/uploads\/2026\/03\/clubatletismojacalogo-200x62.jpg\" width=\"200\" height=\"62\" srcset=\"https:\/\/www.clubatletismojaca.com\/wp-content\/uploads\/2026\/03\/clubatletismojacalogo-200x62.jpg 200w\" src=\"\" data-img-src=\"https:\/\/www.clubatletismojaca.com\/wp-content\/uploads\/2018\/04\/clubatletismojacalogo.jpg\" alt=\"\" title=\"clubatletismojacalogo\" \/><noscript>\n        <img loading=\"lazy\" class=\"vce-single-image\" src=\"https:\/\/www.clubatletismojaca.com\/wp-content\/uploads\/2018\/04\/clubatletismojacalogo.jpg\" width=\"200\" height=\"62\" alt=\"\" title=\"clubatletismojacalogo\" \/>\n      <\/noscript><\/div><figcaption hidden=\"\"><\/figcaption><\/figure><\/div><\/div><\/div><\/div><\/div><\/div><\/div><\/div><div class=\"vce-row-container\" data-vce-boxed-width=\"true\"><div class=\"vce-row vce-row--col-gap-30 vce-row-equal-height vce-row-content--top\" id=\"el-5fb73120\" data-vce-do-apply=\"all el-5fb73120\"><div class=\"vce-row-content\" data-vce-element-content=\"true\"><div class=\"vce-col vce-col--md-auto vce-col--xs-1 vce-col--xs-last vce-col--xs-first vce-col--sm-last vce-col--sm-first vce-col--md-last vce-col--lg-last vce-col--xl-last vce-col--md-first vce-col--lg-first vce-col--xl-first\" id=\"el-01ab15d7\"><div class=\"vce-col-inner\" data-vce-do-apply=\"border margin background  el-01ab15d7\"><div class=\"vce-col-content\" data-vce-element-content=\"true\" data-vce-do-apply=\"padding el-01ab15d7\"><div class=\"vce-text-block\"><div class=\"vce-text-block-wrapper vce\" id=\"el-dd56300f\" data-vce-do-apply=\"all el-dd56300f\"><p align=\"justify\">Vive el deporte con nosotros. Ven a correr, andar, hacer monta\u00f1a o trekking y si tienes ganas de m\u00e1s, practica el triatl\u00f3n. Ser\u00e1s muy bien recibido.<br>No importa que est\u00e9s en Jaca por una temporada, o que est\u00e9s de paso o veraneando. Si quieres venir a entrenar, hazlo tranquilamente.<\/p><p align=\"justify\">Al hacerte socio del CLUB ATLETISMO JACA te conviertes en integrante de un grupo de aficionados al deporte, a la monta\u00f1a, al ejercicio f\u00edsico, a la amistad y al compa\u00f1erismo. Da igual el nivel f\u00edsico que tengas, tampoco es un problema la edad. Aqu\u00ed estamos gente de todos los niveles y edades. Lo importante es que vengas con nosotros, que te animes a compartir los caminos y paisajes de nuestra tierra.<\/p><\/div><\/div><\/div><\/div><\/div><\/div><\/div><\/div><div class=\"vce-row-container\" data-vce-boxed-width=\"true\"><div class=\"vce-row vce-row--col-gap-30 vce-row-equal-height vce-row-content--top\" id=\"el-fa333f79\" data-vce-do-apply=\"all el-fa333f79\"><div class=\"vce-row-content\" data-vce-element-content=\"true\"><div class=\"vce-col vce-col--md-auto vce-col--xs-1 vce-col--xs-last vce-col--xs-first vce-col--sm-last vce-col--sm-first vce-col--md-first vce-col--lg-first vce-col--xl-first\" id=\"el-0e0429ec\"><div class=\"vce-col-inner\" data-vce-do-apply=\"border margin background  el-0e0429ec\"><div class=\"vce-col-content\" data-vce-element-content=\"true\" data-vce-do-apply=\"padding el-0e0429ec\"><div class=\"vce-text-block\"><div class=\"vce-text-block-wrapper vce\" id=\"el-e3456442\" data-vce-do-apply=\"all el-e3456442\"><h3><a href=\"https:\/\/forms.gle\/BB4wycqcV1Vew2xUA\">Te esperamos!<\/a><\/h3><h3><a href=\"https:\/\/forms.gle\/9QQUAyjpop8g2KZU9\">Hazte socio pinchando aqu\u00ed.<\/a><\/h3><p>Para la secci\u00f3n de ANDARINES tenemos unas normas que debes conocer , aceptar y respetar.<\/p><p>M\u00edralas aqu\u00ed.<\/p><p><a href=\"https:\/\/www.clubatletismojaca.com\/wp-content\/uploads\/2023\/06\/NORMAS-SECCION-ANDARINES-C.A.J.pdf\">Pdf .&nbsp; NORMAS DE CONVIVENCIA Y ACTUACI\u00d3N.<\/a><\/p><p>&nbsp;<\/p><p><span style=\"font-size: 16pt;\"><strong>FEDERATE EN MONTA\u00d1A<\/strong><\/span><\/p><p>Si te quieres federar en monta\u00f1a nosotros te podemos gestionar el tr\u00e1mite, pero es imprescindible que seas socio del club.<\/p><p>Si no eres socio, primero tienes que rellenar la ficha de \" Hazte socio\" y despu\u00e9s el de \"Quiero federarme en monta\u00f1a\"<\/p><p>Si ya lo eres, solamente tienes que rellenar el siguiente formulario:<\/p><p><strong>Quiero federarme en monta\u00f1a<\/strong><\/p><p><a href=\"https:\/\/forms.gle\/pKmDzjy1LWsDZm3x6\">https:\/\/forms.gle\/pKmDzjy1LWsDZm3x6<\/a><\/p><p>El Club Atletismo Jaca est\u00e1 vinculado a la Federaci\u00f3n Aragonesa de Monta\u00f1a (FAM)<\/p><p>&nbsp;<\/p><p>&nbsp;<\/p><\/div><\/div><\/div><\/div><\/div><div class=\"vce-col vce-col--md-auto vce-col--xs-1 vce-col--xs-last vce-col--xs-first vce-col--sm-last vce-col--sm-first vce-col--md-last vce-col--lg-last vce-col--xl-last\" id=\"el-f3275b40\"><div class=\"vce-col-inner\" data-vce-do-apply=\"border margin background  el-f3275b40\"><div class=\"vce-col-content\" data-vce-element-content=\"true\" data-vce-do-apply=\"padding el-f3275b40\"><div class=\"vce-single-image-container vce-single-image--align-left\"><div class=\"vce vce-single-image-wrapper\" id=\"el-29361e94\" data-vce-do-apply=\"all el-29361e94\"><figure><div class=\"vce-single-image-inner vce-single-image--absolute\" style=\"padding-bottom: 56.25%; width: 1024px;\"><img loading=\"lazy\" class=\"vce-single-image vcv-lozad\" data-src=\"https:\/\/www.clubatletismojaca.com\/wp-content\/uploads\/2026\/03\/club2-1024x576.jpg\" width=\"1024\" height=\"576\" srcset=\"https:\/\/www.clubatletismojaca.com\/wp-content\/uploads\/2026\/03\/club2-320x180.jpg 320w,https:\/\/www.clubatletismojaca.com\/wp-content\/uploads\/2026\/03\/club2-480x270.jpg 480w,https:\/\/www.clubatletismojaca.com\/wp-content\/uploads\/2026\/03\/club2-800x450.jpg 800w,https:\/\/www.clubatletismojaca.com\/wp-content\/uploads\/2026\/03\/club2-1024x576.jpg 1024w\" src=\"\" data-img-src=\"https:\/\/www.clubatletismojaca.com\/wp-content\/uploads\/2018\/04\/club2.jpg\" alt=\"\" title=\"club2\" \/><noscript>\n        <img loading=\"lazy\" class=\"vce-single-image\" src=\"https:\/\/www.clubatletismojaca.com\/wp-content\/uploads\/2018\/04\/club2.jpg\" width=\"1024\" height=\"576\" alt=\"\" title=\"club2\" \/>\n      <\/noscript><\/div><figcaption hidden=\"\"><\/figcaption><\/figure><\/div><\/div><\/div><\/div><\/div><\/div><\/div><\/div><div class=\"vce-row-container\" data-vce-boxed-width=\"true\"><div class=\"vce-row vce-row--col-gap-30 vce-row-equal-height vce-row-content--top\" id=\"el-b1da487c\" data-vce-do-apply=\"all el-b1da487c\"><div class=\"vce-row-content\" data-vce-element-content=\"true\"><div class=\"vce-col vce-col--md-auto vce-col--xs-1 vce-col--xs-last vce-col--xs-first vce-col--sm-last vce-col--sm-first vce-col--md-last vce-col--lg-last vce-col--xl-last vce-col--md-first vce-col--lg-first vce-col--xl-first\" id=\"el-b171a75b\"><div class=\"vce-col-inner\" data-vce-do-apply=\"border margin background  el-b171a75b\"><div class=\"vce-col-content\" data-vce-element-content=\"true\" data-vce-do-apply=\"padding el-b171a75b\"><div class=\"vce-text-block\"><div class=\"vce-text-block-wrapper vce\" id=\"el-8cd4e665\" data-vce-do-apply=\"all el-8cd4e665\"><h4><strong>Historia del Club:<\/strong><\/h4><p align=\"justify\">Desde 1986, fecha en la que se funda el Club Atletismo Jaca, su mayor compromiso viene siendo con el deporte y el territorio. Binomio para aquellos precursores que a trav\u00e9s de sus asiduos entrenamientos fueron contagiando su entusiasmo a un cada vez mayor n\u00famero de seguidores.<\/p><p align=\"justify\">A lo largo de estos a\u00f1os han sido embajadores deportivos de la ciudad, paseando su nombre por gran parte de la provincia y del sur de Francia.<\/p><p align=\"justify\">El compromiso con el territorio se materializa en la organizaci\u00f3n de diversas pruebas a lo largo del a\u00f1o. El veterano Medio Marat\u00f3n del Camino de Santiago, desde casi los inicios del club, en Castiello de Jaca. Adhiri\u00e9ndose al comienzo de la fiebre de las carreras por monta\u00f1a, nace la segunda de la familia en 1998, la Subida a Oroel, de marcado car\u00e1cter competitivo ambas.<\/p><\/div><\/div><\/div><\/div><\/div><\/div><\/div><\/div><div class=\"vce-row-container\" data-vce-boxed-width=\"true\"><div class=\"vce-row vce-row--col-gap-30 vce-row-equal-height vce-row-content--top\" id=\"el-87a16ef6\" data-vce-do-apply=\"all el-87a16ef6\"><div class=\"vce-row-content\" data-vce-element-content=\"true\"><div class=\"vce-col vce-col--md-auto vce-col--xs-1 vce-col--xs-last vce-col--xs-first vce-col--sm-last vce-col--sm-first vce-col--md-first vce-col--lg-first vce-col--xl-first\" id=\"el-00214824\"><div class=\"vce-col-inner\" data-vce-do-apply=\"border margin background  el-00214824\"><div class=\"vce-col-content\" data-vce-element-content=\"true\" data-vce-do-apply=\"padding el-00214824\"><div class=\"vce-single-image-container vce-single-image--align-center\"><div class=\"vce vce-single-image-wrapper\" id=\"el-62cb90e5\" data-vce-do-apply=\"all el-62cb90e5\"><figure><div class=\"vce-single-image-inner vce-single-image--absolute\" style=\"padding-bottom: 75%; width: 1024px;\"><img loading=\"lazy\" class=\"vce-single-image vcv-lozad\" data-src=\"https:\/\/www.clubatletismojaca.com\/wp-content\/uploads\/2026\/03\/club3-1-1024x768.jpg\" width=\"1024\" height=\"768\" srcset=\"https:\/\/www.clubatletismojaca.com\/wp-content\/uploads\/2026\/03\/club3-1-320x240.jpg 320w,https:\/\/www.clubatletismojaca.com\/wp-content\/uploads\/2026\/03\/club3-1-480x360.jpg 480w,https:\/\/www.clubatletismojaca.com\/wp-content\/uploads\/2026\/03\/club3-1-800x600.jpg 800w,https:\/\/www.clubatletismojaca.com\/wp-content\/uploads\/2026\/03\/club3-1-1024x768.jpg 1024w\" src=\"\" data-img-src=\"https:\/\/www.clubatletismojaca.com\/wp-content\/uploads\/2018\/04\/club3-1.jpg\" alt=\"\" title=\"\" \/><noscript>\n        <img loading=\"lazy\" class=\"vce-single-image\" src=\"https:\/\/www.clubatletismojaca.com\/wp-content\/uploads\/2018\/04\/club3-1.jpg\" width=\"1024\" height=\"768\" alt=\"\" title=\"\" \/>\n      <\/noscript><\/div><figcaption hidden=\"\"><\/figcaption><\/figure><\/div><\/div><\/div><\/div><\/div><div class=\"vce-col vce-col--md-auto vce-col--xs-1 vce-col--xs-last vce-col--xs-first vce-col--sm-last vce-col--sm-first vce-col--md-last vce-col--lg-last vce-col--xl-last\" id=\"el-46eaeed7\"><div class=\"vce-col-inner\" data-vce-do-apply=\"border margin background  el-46eaeed7\"><div class=\"vce-col-content\" data-vce-element-content=\"true\" data-vce-do-apply=\"padding el-46eaeed7\"><div class=\"vce-single-image-container vce-single-image--align-left\"><div class=\"vce vce-single-image-wrapper\" id=\"el-e3004802\" data-vce-do-apply=\"all el-e3004802\"><figure><div class=\"vce-single-image-inner vce-single-image--absolute\" style=\"padding-bottom: 75%; width: 1024px;\"><img loading=\"lazy\" class=\"vce-single-image vcv-lozad\" data-src=\"https:\/\/www.clubatletismojaca.com\/wp-content\/uploads\/2026\/03\/club1-1024x768.jpg\" width=\"1024\" height=\"768\" srcset=\"https:\/\/www.clubatletismojaca.com\/wp-content\/uploads\/2026\/03\/club1-320x240.jpg 320w,https:\/\/www.clubatletismojaca.com\/wp-content\/uploads\/2026\/03\/club1-480x360.jpg 480w,https:\/\/www.clubatletismojaca.com\/wp-content\/uploads\/2026\/03\/club1-800x600.jpg 800w,https:\/\/www.clubatletismojaca.com\/wp-content\/uploads\/2026\/03\/club1-1024x768.jpg 1024w\" src=\"\" data-img-src=\"https:\/\/www.clubatletismojaca.com\/wp-content\/uploads\/2018\/04\/club1.jpg\" alt=\"\" title=\"club1\" \/><noscript>\n        <img loading=\"lazy\" class=\"vce-single-image\" src=\"https:\/\/www.clubatletismojaca.com\/wp-content\/uploads\/2018\/04\/club1.jpg\" width=\"1024\" height=\"768\" alt=\"\" title=\"club1\" \/>\n      <\/noscript><\/div><figcaption hidden=\"\"><\/figcaption><\/figure><\/div><\/div><\/div><\/div><\/div><\/div><\/div><\/div><div class=\"vce-row-container\" data-vce-boxed-width=\"true\"><div class=\"vce-row vce-row--col-gap-30 vce-row-equal-height vce-row-content--top\" id=\"el-c1b21de4\" data-vce-do-apply=\"all el-c1b21de4\"><div class=\"vce-row-content\" data-vce-element-content=\"true\"><div class=\"vce-col vce-col--md-auto vce-col--xs-1 vce-col--xs-last vce-col--xs-first vce-col--sm-last vce-col--sm-first vce-col--md-last vce-col--lg-last vce-col--xl-last vce-col--md-first vce-col--lg-first vce-col--xl-first\" id=\"el-e4bd2201\"><div class=\"vce-col-inner\" data-vce-do-apply=\"border margin background  el-e4bd2201\"><div class=\"vce-col-content\" data-vce-element-content=\"true\" data-vce-do-apply=\"padding el-e4bd2201\"><div class=\"vce-text-block\"><div class=\"vce-text-block-wrapper vce\" id=\"el-59535f85\" data-vce-do-apply=\"all el-59535f85\"><p align=\"justify\">De \u00edndole participativa, dos son las que han surgido en los \u00faltimos a\u00f1os. En 2011 se abre al p\u00fablico en general el Circuito de las Ermitas, que desde el a\u00f1o siguiente, con motivo del nacimiento de la Secci\u00f3n de Andarines, se viene celebrando de modalidad mixta. En 2014, el club ampl\u00eda sus horizontes y se adscribe a la Federaci\u00f3n Aragonesa de Monta\u00f1ismo, creando en 2014 la Andada de La Solana de Jaca, inscrita en el Calendario de Andadas Populares de la FAM.<\/p><p align=\"justify\">Pero si de algo est\u00e1 verdaderamente satisfecho este club es de su cantera, forjada a lo largo de los a\u00f1os en la Escuela de Atletismo, que forma a las j\u00f3venes promesas en distintas modalidades, tanto de pista como de aire libre o cross para inculcar el esfuerzo y la dedicaci\u00f3n como valores a\u00f1adidos al deporte, a lo largo de varias generaciones\u2026<\/p><p align=\"justify\"><span style=\"font-size: 14pt;\"><strong>ESTATUTOS.<\/strong><\/span><\/p><p align=\"justify\"><a href=\"https:\/\/www.clubatletismojaca.com\/wp-content\/uploads\/2023\/12\/ESTATUTOS-DEL-CLUB-ATLETISMO-OFIC-JACA-2017-copia.pdf\" target=\"_blank\" rel=\"noopener\">Puedes consultar los estatutos del club aqu\u00ed<\/a><\/p><p align=\"justify\">El <strong>CLUB ATLETISMO JACA<\/strong>&nbsp; integra en su proyecto de club el <strong>dec\u00e1lgo municipal de deportistas y de padres&nbsp; madres<\/strong> y se compromete a divulgarlo y desarollarlo entre sus integrantes.<\/p><p align=\"justify\"><a href=\"https:\/\/www.clubatletismojaca.com\/wp-content\/uploads\/2026\/03\/DECALOGO-BUENAS-PRACTICAS.pdf\">Dec\u00e1logo municipal de buenas pr\u00e1cticas en la AF y Deporte, de deportistas y de padres\/madres de Jaca<\/a><\/p><\/div><\/div><\/div><\/div><\/div><\/div><\/div><\/div>\n","protected":false},"excerpt":{"rendered":"<div class=\"slide-text-bg2\"><span>Vive el deporte con nosotros. Ven a correr, andar, hacer monta\u00f1a o trekking y si tienes ganas de m\u00e1s, practica el triatl\u00f3n. Ser\u00e1s muy bien recibido.No <\/span><\/div>\n<div class=\"slide-btn-area-sm\"><a href=\"https:\/\/www.clubatletismojaca.com\/index.php\/club\/\" class=\"slide-btn-sm\">Leer m\u00e1s<\/a><\/div>\n","protected":false},"author":2,"featured_media":0,"parent":0,"menu_order":0,"comment_status":"closed","ping_status":"closed","template":"","meta":[],"_links":{"self":[{"href":"https:\/\/www.clubatletismojaca.com\/index.php\/wp-json\/wp\/v2\/pages\/705"}],"collection":[{"href":"https:\/\/www.clubatletismojaca.com\/index.php\/wp-json\/wp\/v2\/pages"}],"about":[{"href":"https:\/\/www.clubatletismojaca.com\/index.php\/wp-json\/wp\/v2\/types\/page"}],"author":[{"embeddable":true,"href":"https:\/\/www.clubatletismojaca.com\/index.php\/wp-json\/wp\/v2\/users\/2"}],"replies":[{"embeddable":true,"href":"https:\/\/www.clubatletismojaca.com\/index.php\/wp-json\/wp\/v2\/comments?post=705"}],"version-history":[{"count":13,"href":"https:\/\/www.clubatletismojaca.com\/index.php\/wp-json\/wp\/v2\/pages\/705\/revisions"}],"predecessor-version":[{"id":1405,"href":"https:\/\/www.clubatletismojaca.com\/index.php\/wp-json\/wp\/v2\/pages\/705\/revisions\/1405"}],"wp:attachment":[{"href":"https:\/\/www.clubatletismojaca.com\/index.php\/wp-json\/wp\/v2\/media?parent=705"}],"curies":[{"name":"wp","href":"https:\/\/api.w.org\/{rel}","templated":true}]}}