{"id":693,"date":"2021-12-14T09:29:54","date_gmt":"2021-12-14T09:29:54","guid":{"rendered":"http:\/\/www.clubatletismojaca.com\/?page_id=693"},"modified":"2023-06-17T15:10:05","modified_gmt":"2023-06-17T15:10:05","slug":"andarines","status":"publish","type":"page","link":"https:\/\/www.clubatletismojaca.com\/index.php\/andarines\/","title":{"rendered":"Andarines"},"content":{"rendered":"<div class=\"vce-row-container\" data-vce-boxed-width=\"true\"><div class=\"vce-row vce-row--col-gap-30 vce-row-equal-height vce-row-content--top\" id=\"el-f55a4527\" data-vce-do-apply=\"all el-f55a4527\"><div class=\"vce-row-content\" data-vce-element-content=\"true\"><div class=\"vce-col vce-col--md-auto vce-col--xs-1 vce-col--xs-last vce-col--xs-first vce-col--sm-last vce-col--sm-first vce-col--md-last vce-col--lg-last vce-col--xl-last vce-col--md-first vce-col--lg-first vce-col--xl-first\" id=\"el-509a9021\"><div class=\"vce-col-inner\" data-vce-do-apply=\"border margin background  el-509a9021\"><div class=\"vce-col-content\" data-vce-element-content=\"true\" data-vce-do-apply=\"padding el-509a9021\"><div class=\"vce-text-block\"><div class=\"vce-text-block-wrapper vce\" id=\"el-6f56512d\" data-vce-do-apply=\"all el-6f56512d\"><p align=\"justify\">En el a\u00f1o 2012 se cre\u00f3 la secci\u00f3n de Nordic Walking o \u201cAndarines\u201d.<\/p><p align=\"justify\">Un buen grupo de personas se integraron en el club con la intenci\u00f3n de hacer un tipo de ejercicio asequible a su condici\u00f3n f\u00edsica del momento.<\/p><p align=\"justify\">Actualmente el grupo ha crecido significativamente en cantidad y calidad y raro es el d\u00eda que no se salga a dar un buen paseo por los alrededores de Jaca.<\/p><\/div><\/div><\/div><\/div><\/div><\/div><\/div><\/div><div class=\"vce-row-container\" data-vce-boxed-width=\"true\"><div class=\"vce-row vce-row--col-gap-30 vce-row-equal-height vce-row-content--top\" id=\"el-9a1ee6a3\" data-vce-do-apply=\"all el-9a1ee6a3\"><div class=\"vce-row-content\" data-vce-element-content=\"true\"><div class=\"vce-col vce-col--md-auto vce-col--xs-1 vce-col--xs-last vce-col--xs-first vce-col--sm-last vce-col--sm-first vce-col--md-first vce-col--lg-first vce-col--xl-first\" id=\"el-08ce1f8e\"><div class=\"vce-col-inner\" data-vce-do-apply=\"border margin background  el-08ce1f8e\"><div class=\"vce-col-content\" data-vce-element-content=\"true\" data-vce-do-apply=\"padding el-08ce1f8e\"><div class=\"vce-single-image-container vce-single-image--align-center\"><div class=\"vce vce-single-image-wrapper\" id=\"el-1162e58a\" data-vce-do-apply=\"all el-1162e58a\"><figure><div class=\"vce-single-image-inner vce-single-image--absolute\" style=\"padding-bottom: 75%; width: 1024px;\"><img loading=\"lazy\" class=\"vce-single-image vcv-lozad\" data-src=\"https:\/\/www.clubatletismojaca.com\/wp-content\/uploads\/2023\/06\/IMG-20190111-WA0003-1024x768.jpg\" width=\"1024\" height=\"768\" srcset=\"https:\/\/www.clubatletismojaca.com\/wp-content\/uploads\/2023\/06\/IMG-20190111-WA0003-320x240.jpg 320w,https:\/\/www.clubatletismojaca.com\/wp-content\/uploads\/2023\/06\/IMG-20190111-WA0003-480x360.jpg 480w,https:\/\/www.clubatletismojaca.com\/wp-content\/uploads\/2023\/06\/IMG-20190111-WA0003-800x600.jpg 800w,https:\/\/www.clubatletismojaca.com\/wp-content\/uploads\/2023\/06\/IMG-20190111-WA0003-1024x768.jpg 1024w\" src=\"\" data-img-src=\"https:\/\/www.clubatletismojaca.com\/wp-content\/uploads\/2019\/01\/IMG-20190111-WA0003.jpg\" alt=\"\" title=\"IMG-20190111-WA0003\" \/><noscript>\n        <img loading=\"lazy\" class=\"vce-single-image\" src=\"https:\/\/www.clubatletismojaca.com\/wp-content\/uploads\/2019\/01\/IMG-20190111-WA0003.jpg\" width=\"1024\" height=\"768\" alt=\"\" title=\"IMG-20190111-WA0003\" \/>\n      <\/noscript><\/div><figcaption hidden=\"\"><\/figcaption><\/figure><\/div><\/div><\/div><\/div><\/div><div class=\"vce-col vce-col--md-auto vce-col--xs-1 vce-col--xs-last vce-col--xs-first vce-col--sm-last vce-col--sm-first vce-col--md-last vce-col--lg-last vce-col--xl-last\" id=\"el-96b8d38c\"><div class=\"vce-col-inner\" data-vce-do-apply=\"border margin background  el-96b8d38c\"><div class=\"vce-col-content\" data-vce-element-content=\"true\" data-vce-do-apply=\"padding el-96b8d38c\"><div class=\"vce-single-image-container vce-single-image--align-center\"><div class=\"vce vce-single-image-wrapper\" id=\"el-717a19fe\" data-vce-do-apply=\"all el-717a19fe\"><figure><div class=\"vce-single-image-inner vce-single-image--absolute\" style=\"padding-bottom: 75%; width: 1024px;\"><img loading=\"lazy\" class=\"vce-single-image vcv-lozad\" data-src=\"https:\/\/www.clubatletismojaca.com\/wp-content\/uploads\/2023\/06\/20190106_132045_HDR_2-1024x768.jpg\" width=\"1024\" height=\"768\" srcset=\"https:\/\/www.clubatletismojaca.com\/wp-content\/uploads\/2023\/06\/20190106_132045_HDR_2-320x240.jpg 320w,https:\/\/www.clubatletismojaca.com\/wp-content\/uploads\/2023\/06\/20190106_132045_HDR_2-480x360.jpg 480w,https:\/\/www.clubatletismojaca.com\/wp-content\/uploads\/2023\/06\/20190106_132045_HDR_2-800x600.jpg 800w,https:\/\/www.clubatletismojaca.com\/wp-content\/uploads\/2023\/06\/20190106_132045_HDR_2-1024x768.jpg 1024w\" src=\"\" data-img-src=\"https:\/\/www.clubatletismojaca.com\/wp-content\/uploads\/2019\/01\/20190106_132045_HDR_2.jpg\" alt=\"\" title=\"\" \/><noscript>\n        <img loading=\"lazy\" class=\"vce-single-image\" src=\"https:\/\/www.clubatletismojaca.com\/wp-content\/uploads\/2019\/01\/20190106_132045_HDR_2.jpg\" width=\"1024\" height=\"768\" alt=\"\" title=\"\" \/>\n      <\/noscript><\/div><figcaption hidden=\"\"><\/figcaption><\/figure><\/div><\/div><\/div><\/div><\/div><\/div><\/div><\/div><div class=\"vce-row-container\" data-vce-boxed-width=\"true\"><div class=\"vce-row vce-row--col-gap-30 vce-row-equal-height vce-row-content--top\" id=\"el-b4ba39a5\" data-vce-do-apply=\"all el-b4ba39a5\"><div class=\"vce-row-content\" data-vce-element-content=\"true\"><div class=\"vce-col vce-col--md-auto vce-col--xs-1 vce-col--xs-last vce-col--xs-first vce-col--sm-last vce-col--sm-first vce-col--md-last vce-col--lg-last vce-col--xl-last vce-col--md-first vce-col--lg-first vce-col--xl-first\" id=\"el-83277f5f\"><div class=\"vce-col-inner\" data-vce-do-apply=\"border margin background  el-83277f5f\"><div class=\"vce-col-content\" data-vce-element-content=\"true\" data-vce-do-apply=\"padding el-83277f5f\"><div class=\"vce-text-block\"><div class=\"vce-text-block-wrapper vce\" id=\"el-62970827\" data-vce-do-apply=\"all el-62970827\"><p align=\"justify\">Apto para cualquier persona de cualquier edad. Este es un ejercicio que crea adicci\u00f3n y afici\u00f3n, adem\u00e1s de convertirse en un modo de vivir la naturaleza y relacionarse con los dem\u00e1s.<\/p><p align=\"justify\">Son numerosas las excursiones que se hacen y muchas las \u201candadas\u201d a las que se acude, convirti\u00e9ndose esta actividad en una diversi\u00f3n.<\/p><p align=\"justify\">Ven con nosotros y prueba. Quedamos los domingos en el paseo de La Cantera a las 9\u00b400h.<\/p><p align=\"justify\">Tenemos unas normas de convivencia y actuaci\u00f3n que hay que acatar y respetar. Todos los socios y participantes en las actividades del club est\u00e1n obligados a conocer y aceptar.<\/p><p align=\"justify\"><a href=\"https:\/\/www.clubatletismojaca.com\/wp-content\/uploads\/2023\/06\/NORMAS-SECCION-ANDARINES-C.A.J.pdf\" class=\"pdfemb-viewer\" style=\"\" data-width=\"max\" data-height=\"max\"  data-toolbar=\"bottom\" data-toolbar-fixed=\"off\">NORMAS SECCION ANDARINES C.A.J<br\/><\/a><\/p><\/div><\/div><\/div><\/div><\/div><\/div><\/div><\/div>\n","protected":false},"excerpt":{"rendered":"<div class=\"slide-text-bg2\"><span>En el a\u00f1o 2012 se cre\u00f3 la secci\u00f3n de Nordic Walking o \u201cAndarines\u201d.Un buen grupo de personas se integraron en el club con la intenci\u00f3n de hacer un t<\/span><\/div>\n<div class=\"slide-btn-area-sm\"><a href=\"https:\/\/www.clubatletismojaca.com\/index.php\/andarines\/\" class=\"slide-btn-sm\">Leer m\u00e1s<\/a><\/div>\n","protected":false},"author":2,"featured_media":0,"parent":0,"menu_order":0,"comment_status":"closed","ping_status":"closed","template":"","meta":[],"_links":{"self":[{"href":"https:\/\/www.clubatletismojaca.com\/index.php\/wp-json\/wp\/v2\/pages\/693"}],"collection":[{"href":"https:\/\/www.clubatletismojaca.com\/index.php\/wp-json\/wp\/v2\/pages"}],"about":[{"href":"https:\/\/www.clubatletismojaca.com\/index.php\/wp-json\/wp\/v2\/types\/page"}],"author":[{"embeddable":true,"href":"https:\/\/www.clubatletismojaca.com\/index.php\/wp-json\/wp\/v2\/users\/2"}],"replies":[{"embeddable":true,"href":"https:\/\/www.clubatletismojaca.com\/index.php\/wp-json\/wp\/v2\/comments?post=693"}],"version-history":[{"count":4,"href":"https:\/\/www.clubatletismojaca.com\/index.php\/wp-json\/wp\/v2\/pages\/693\/revisions"}],"predecessor-version":[{"id":1048,"href":"https:\/\/www.clubatletismojaca.com\/index.php\/wp-json\/wp\/v2\/pages\/693\/revisions\/1048"}],"wp:attachment":[{"href":"https:\/\/www.clubatletismojaca.com\/index.php\/wp-json\/wp\/v2\/media?parent=693"}],"curies":[{"name":"wp","href":"https:\/\/api.w.org\/{rel}","templated":true}]}}