{"id":687,"date":"2021-12-14T08:02:30","date_gmt":"2021-12-14T08:02:30","guid":{"rendered":"http:\/\/www.clubatletismojaca.com\/?page_id=687"},"modified":"2024-12-14T15:51:42","modified_gmt":"2024-12-14T15:51:42","slug":"triatlon","status":"publish","type":"page","link":"https:\/\/www.clubatletismojaca.com\/index.php\/triatlon\/","title":{"rendered":"Triatl\u00f3n"},"content":{"rendered":"<div class=\"vce-row-container\" data-vce-boxed-width=\"true\"><div class=\"vce-row vce-row--col-gap-30 vce-row-equal-height vce-row-content--top\" id=\"el-edd306ef\" data-vce-do-apply=\"all el-edd306ef\"><div class=\"vce-row-content\" data-vce-element-content=\"true\"><div class=\"vce-col vce-col--md-auto vce-col--xs-1 vce-col--xs-last vce-col--xs-first vce-col--sm-last vce-col--sm-first vce-col--md-last vce-col--lg-last vce-col--xl-last vce-col--md-first vce-col--lg-first vce-col--xl-first\" id=\"el-fdd59dc6\"><div class=\"vce-col-inner\" data-vce-do-apply=\"border margin background  el-fdd59dc6\"><div class=\"vce-col-content\" data-vce-element-content=\"true\" data-vce-do-apply=\"padding el-fdd59dc6\"><div class=\"vce-text-block\"><div class=\"vce-text-block-wrapper vce\" id=\"el-48077b81\" data-vce-do-apply=\"all el-48077b81\"><h2>Secci\u00f3n Triatl\u00f3n<\/h2>\r\n<p align=\"justify\">El equipo de triatl\u00f3n del Club Atletismo Jaca est\u00e1 compuesto por j\u00f3venes a los que les une su amor por el deporte.<\/p>\r\n<p style=\"margin-bottom: 20px;\" align=\"justify\">Chicos y chicas, algunos de ellos con una larga trayectoria deportiva y otros con ganas de adquirirla.<\/p><\/div><\/div><\/div><\/div><\/div><\/div><\/div><\/div><div class=\"vce-row-container\" data-vce-boxed-width=\"true\"><div class=\"vce-row vce-row--col-gap-30 vce-row-equal-height vce-row-content--top\" id=\"el-32b46516\" data-vce-do-apply=\"all el-32b46516\"><div class=\"vce-row-content\" data-vce-element-content=\"true\"><div class=\"vce-col vce-col--md-auto vce-col--xs-1 vce-col--xs-last vce-col--xs-first vce-col--sm-last vce-col--sm-first vce-col--md-first vce-col--lg-first vce-col--xl-first\" id=\"el-52f2c134\"><div class=\"vce-col-inner\" data-vce-do-apply=\"border margin background  el-52f2c134\"><div class=\"vce-col-content\" data-vce-element-content=\"true\" data-vce-do-apply=\"padding el-52f2c134\"><div class=\"vce-single-image-container vce-single-image--align-center\"><div class=\"vce vce-single-image-wrapper\" id=\"el-d2e51c8b\" data-vce-do-apply=\"all el-d2e51c8b\"><figure><div class=\"vce-single-image-inner vce-single-image--absolute\" style=\"padding-bottom: 66.3542%; width: 960px;\"><img loading=\"lazy\" class=\"vce-single-image vcv-lozad\" data-src=\"https:\/\/www.clubatletismojaca.com\/wp-content\/uploads\/2021\/12\/triatlon1-960x637.jpg\" width=\"960\" height=\"637\" srcset=\"https:\/\/www.clubatletismojaca.com\/wp-content\/uploads\/2021\/12\/triatlon1-320x212.jpg 320w,https:\/\/www.clubatletismojaca.com\/wp-content\/uploads\/2021\/12\/triatlon1-480x319.jpg 480w,https:\/\/www.clubatletismojaca.com\/wp-content\/uploads\/2021\/12\/triatlon1-800x531.jpg 800w,https:\/\/www.clubatletismojaca.com\/wp-content\/uploads\/2021\/12\/triatlon1-960x637.jpg 960w\" src=\"\" data-img-src=\"https:\/\/www.clubatletismojaca.com\/wp-content\/uploads\/2018\/04\/triatlon1.jpg\" alt=\"\" title=\"triatlon1\" \/><noscript>\r\n        <img loading=\"lazy\" class=\"vce-single-image\" src=\"https:\/\/www.clubatletismojaca.com\/wp-content\/uploads\/2018\/04\/triatlon1.jpg\" width=\"960\" height=\"637\" alt=\"\" title=\"triatlon1\" \/>\r\n      <\/noscript><\/div><figcaption hidden=\"\"><\/figcaption><\/figure><\/div><\/div><\/div><\/div><\/div><div class=\"vce-col vce-col--md-auto vce-col--xs-1 vce-col--xs-last vce-col--xs-first vce-col--sm-last vce-col--sm-first vce-col--md-last vce-col--lg-last vce-col--xl-last\" id=\"el-5893fe09\"><div class=\"vce-col-inner\" data-vce-do-apply=\"border margin background  el-5893fe09\"><div class=\"vce-col-content\" data-vce-element-content=\"true\" data-vce-do-apply=\"padding el-5893fe09\"><div class=\"vce-single-image-container vce-single-image--align-center\"><div class=\"vce vce-single-image-wrapper\" id=\"el-eebcf9c6\" data-vce-do-apply=\"all el-eebcf9c6\"><figure><div class=\"vce-single-image-inner vce-single-image--absolute\" style=\"padding-bottom: 66.3542%; width: 960px;\"><img loading=\"lazy\" class=\"vce-single-image vcv-lozad\" data-src=\"https:\/\/www.clubatletismojaca.com\/wp-content\/uploads\/2021\/12\/triatlon2-960x637.jpg\" width=\"960\" height=\"637\" srcset=\"https:\/\/www.clubatletismojaca.com\/wp-content\/uploads\/2021\/12\/triatlon2-320x212.jpg 320w,https:\/\/www.clubatletismojaca.com\/wp-content\/uploads\/2021\/12\/triatlon2-480x319.jpg 480w,https:\/\/www.clubatletismojaca.com\/wp-content\/uploads\/2021\/12\/triatlon2-800x531.jpg 800w,https:\/\/www.clubatletismojaca.com\/wp-content\/uploads\/2021\/12\/triatlon2-960x637.jpg 960w\" src=\"\" data-img-src=\"https:\/\/www.clubatletismojaca.com\/wp-content\/uploads\/2018\/04\/triatlon2.jpg\" alt=\"\" title=\"triatlon2\" \/><noscript>\r\n        <img loading=\"lazy\" class=\"vce-single-image\" src=\"https:\/\/www.clubatletismojaca.com\/wp-content\/uploads\/2018\/04\/triatlon2.jpg\" width=\"960\" height=\"637\" alt=\"\" title=\"triatlon2\" \/>\r\n      <\/noscript><\/div><figcaption hidden=\"\"><\/figcaption><\/figure><\/div><\/div><\/div><\/div><\/div><\/div><\/div><\/div><div class=\"vce-row-container\" data-vce-boxed-width=\"true\"><div class=\"vce-row vce-row--col-gap-30 vce-row-equal-height vce-row-content--top\" id=\"el-4f7f647e\" data-vce-do-apply=\"all el-4f7f647e\"><div class=\"vce-row-content\" data-vce-element-content=\"true\"><div class=\"vce-col vce-col--md-auto vce-col--xs-1 vce-col--xs-last vce-col--xs-first vce-col--sm-last vce-col--sm-first vce-col--md-last vce-col--lg-last vce-col--xl-last vce-col--md-first vce-col--lg-first vce-col--xl-first\" id=\"el-eb832b60\"><div class=\"vce-col-inner\" data-vce-do-apply=\"border margin background  el-eb832b60\"><div class=\"vce-col-content\" data-vce-element-content=\"true\" data-vce-do-apply=\"padding el-eb832b60\"><div class=\"vce-text-block\"><div class=\"vce-text-block-wrapper vce\" id=\"el-60bc90be\" data-vce-do-apply=\"all el-60bc90be\"><p align=\"justify\">Como lo que queremos es seguir creciendo como club, si est\u00e1s interesado en venir con nosotros, puedes ponerte en contacto a trav\u00e9s del tel\u00e9fono 678 312 544 o bien a trav\u00e9s del correo atletismojaca@gmail.com.<\/p>\r\n<p align=\"justify\">Si quieres puedes venir s\u00f3lo a entrenar y a pasar un buen rato. Si lo que te va es la competici\u00f3n \u00a1\u00e1nimo!, ven \u2026 \u00a1 te estamos esperando !<\/p>\r\n<p align=\"justify\">Somos un equipo joven dentro de un club con larga experiencia, en d\u00f3nde puedes encontrar el ambiente deportivo que est\u00e1s buscando.<\/p>\r\n<p align=\"justify\">Podr\u00e1s encontrar toda la informaci\u00f3n sobre el triatl\u00f3n en Arag\u00f3n en la web de la federaci\u00f3n.<\/p>\r\n<p style=\"margin-bottom: 20px;\"><a href=\"http:\/\/www.triatlonaragon.org\/\" target=\"_blank\" rel=\"noopener\">www.triatlonaragon.org<\/a><\/p><\/div><\/div><\/div><\/div><\/div><\/div><\/div><\/div><div class=\"vce-row-container\" data-vce-boxed-width=\"true\"><div class=\"vce-row vce-row--col-gap-30 vce-row-equal-height vce-row-content--top\" id=\"el-19e5e6bb\" data-vce-do-apply=\"all el-19e5e6bb\"><div class=\"vce-row-content\" data-vce-element-content=\"true\"><div class=\"vce-col vce-col--md-auto vce-col--xs-1 vce-col--xs-last vce-col--xs-first vce-col--sm-last vce-col--sm-first vce-col--md-first vce-col--lg-first vce-col--xl-first\" id=\"el-bad39569\"><div class=\"vce-col-inner\" data-vce-do-apply=\"border margin background  el-bad39569\"><div class=\"vce-col-content\" data-vce-element-content=\"true\" data-vce-do-apply=\"padding el-bad39569\"><div class=\"vce-single-image-container vce-single-image--align-center\"><div class=\"vce vce-single-image-wrapper\" id=\"el-d2e7f94f\" data-vce-do-apply=\"all el-d2e7f94f\"><figure><div class=\"vce-single-image-inner vce-single-image--absolute\" style=\"padding-bottom: 66.3542%; width: 960px;\"><img loading=\"lazy\" class=\"vce-single-image vcv-lozad\" data-src=\"https:\/\/www.clubatletismojaca.com\/wp-content\/uploads\/2021\/12\/triatlon5-960x637.jpg\" width=\"960\" height=\"637\" srcset=\"https:\/\/www.clubatletismojaca.com\/wp-content\/uploads\/2021\/12\/triatlon5-320x212.jpg 320w,https:\/\/www.clubatletismojaca.com\/wp-content\/uploads\/2021\/12\/triatlon5-480x319.jpg 480w,https:\/\/www.clubatletismojaca.com\/wp-content\/uploads\/2021\/12\/triatlon5-800x531.jpg 800w,https:\/\/www.clubatletismojaca.com\/wp-content\/uploads\/2021\/12\/triatlon5-960x637.jpg 960w\" src=\"\" data-img-src=\"https:\/\/www.clubatletismojaca.com\/wp-content\/uploads\/2018\/04\/triatlon5.jpg\" alt=\"\" title=\"triatlon5\" \/><noscript>\r\n        <img loading=\"lazy\" class=\"vce-single-image\" src=\"https:\/\/www.clubatletismojaca.com\/wp-content\/uploads\/2018\/04\/triatlon5.jpg\" width=\"960\" height=\"637\" alt=\"\" title=\"triatlon5\" \/>\r\n      <\/noscript><\/div><figcaption hidden=\"\"><\/figcaption><\/figure><\/div><\/div><\/div><\/div><\/div><div class=\"vce-col vce-col--md-auto vce-col--xs-1 vce-col--xs-last vce-col--xs-first vce-col--sm-last vce-col--sm-first vce-col--md-last vce-col--lg-last vce-col--xl-last\" id=\"el-b649cfd3\"><div class=\"vce-col-inner\" data-vce-do-apply=\"border margin background  el-b649cfd3\"><div class=\"vce-col-content\" data-vce-element-content=\"true\" data-vce-do-apply=\"padding el-b649cfd3\"><div class=\"vce-single-image-container vce-single-image--align-center\"><div class=\"vce vce-single-image-wrapper\" id=\"el-9d8959b0\" data-vce-do-apply=\"all el-9d8959b0\"><figure><div class=\"vce-single-image-inner vce-single-image--absolute\" style=\"padding-bottom: 66.3542%; width: 960px;\"><img loading=\"lazy\" class=\"vce-single-image vcv-lozad\" data-src=\"https:\/\/www.clubatletismojaca.com\/wp-content\/uploads\/2021\/12\/triatlon6-960x637.jpg\" width=\"960\" height=\"637\" srcset=\"https:\/\/www.clubatletismojaca.com\/wp-content\/uploads\/2021\/12\/triatlon6-320x212.jpg 320w,https:\/\/www.clubatletismojaca.com\/wp-content\/uploads\/2021\/12\/triatlon6-480x319.jpg 480w,https:\/\/www.clubatletismojaca.com\/wp-content\/uploads\/2021\/12\/triatlon6-800x531.jpg 800w,https:\/\/www.clubatletismojaca.com\/wp-content\/uploads\/2021\/12\/triatlon6-960x637.jpg 960w\" src=\"\" data-img-src=\"https:\/\/www.clubatletismojaca.com\/wp-content\/uploads\/2018\/04\/triatlon6.jpg\" alt=\"\" title=\"triatlon6\" \/><noscript>\r\n        <img loading=\"lazy\" class=\"vce-single-image\" src=\"https:\/\/www.clubatletismojaca.com\/wp-content\/uploads\/2018\/04\/triatlon6.jpg\" width=\"960\" height=\"637\" alt=\"\" title=\"triatlon6\" \/>\r\n      <\/noscript><\/div><figcaption hidden=\"\"><\/figcaption><\/figure><\/div><\/div><\/div><\/div><\/div><\/div><\/div><\/div><div class=\"vce-row-container\" data-vce-boxed-width=\"true\"><div class=\"vce-row vce-row--col-gap-30 vce-row-equal-height vce-row-content--top\" id=\"el-a26c41d9\" data-vce-do-apply=\"all el-a26c41d9\"><div class=\"vce-row-content\" data-vce-element-content=\"true\"><div class=\"vce-col vce-col--md-auto vce-col--xs-1 vce-col--xs-last vce-col--xs-first vce-col--sm-last vce-col--sm-first vce-col--md-last vce-col--lg-last vce-col--xl-last vce-col--md-first vce-col--lg-first vce-col--xl-first\" id=\"el-3cd05fb3\"><div class=\"vce-col-inner\" data-vce-do-apply=\"border margin background  el-3cd05fb3\"><div class=\"vce-col-content\" data-vce-element-content=\"true\" data-vce-do-apply=\"padding el-3cd05fb3\"><div class=\"vce-text-block\"><div class=\"vce-text-block-wrapper vce\" id=\"el-d975626d\" data-vce-do-apply=\"all el-d975626d\"><h4>Patrocinador del equipo:<\/h4><p><img loading=\"lazy\" class=\"aligncenter size-full wp-image-463\" src=\"https:\/\/www.clubatletismojaca.com\/wp-content\/uploads\/2019\/03\/LOGO-BIARITZ.jpg\" alt=\"\" width=\"657\" height=\"291\" srcset=\"https:\/\/www.clubatletismojaca.com\/wp-content\/uploads\/2019\/03\/LOGO-BIARITZ.jpg 657w, https:\/\/www.clubatletismojaca.com\/wp-content\/uploads\/2019\/03\/LOGO-BIARITZ-300x133.jpg 300w\" sizes=\"(max-width: 657px) 100vw, 657px\" \/><\/p><\/div><\/div><\/div><\/div><\/div><\/div><\/div><\/div>\n","protected":false},"excerpt":{"rendered":"<div class=\"slide-text-bg2\"><span>Secci\u00f3n Triatl\u00f3n El equipo de triatl\u00f3n del Club Atletismo Jaca est\u00e1 compuesto por j\u00f3venes a los que les une su amor por el deporte. Chicos y chicas, a<\/span><\/div>\n<div class=\"slide-btn-area-sm\"><a href=\"https:\/\/www.clubatletismojaca.com\/index.php\/triatlon\/\" class=\"slide-btn-sm\">Leer m\u00e1s<\/a><\/div>\n","protected":false},"author":2,"featured_media":0,"parent":0,"menu_order":0,"comment_status":"closed","ping_status":"closed","template":"","meta":[],"_links":{"self":[{"href":"https:\/\/www.clubatletismojaca.com\/index.php\/wp-json\/wp\/v2\/pages\/687"}],"collection":[{"href":"https:\/\/www.clubatletismojaca.com\/index.php\/wp-json\/wp\/v2\/pages"}],"about":[{"href":"https:\/\/www.clubatletismojaca.com\/index.php\/wp-json\/wp\/v2\/types\/page"}],"author":[{"embeddable":true,"href":"https:\/\/www.clubatletismojaca.com\/index.php\/wp-json\/wp\/v2\/users\/2"}],"replies":[{"embeddable":true,"href":"https:\/\/www.clubatletismojaca.com\/index.php\/wp-json\/wp\/v2\/comments?post=687"}],"version-history":[{"count":3,"href":"https:\/\/www.clubatletismojaca.com\/index.php\/wp-json\/wp\/v2\/pages\/687\/revisions"}],"predecessor-version":[{"id":691,"href":"https:\/\/www.clubatletismojaca.com\/index.php\/wp-json\/wp\/v2\/pages\/687\/revisions\/691"}],"wp:attachment":[{"href":"https:\/\/www.clubatletismojaca.com\/index.php\/wp-json\/wp\/v2\/media?parent=687"}],"curies":[{"name":"wp","href":"https:\/\/api.w.org\/{rel}","templated":true}]}}