{"id":428,"date":"2018-11-21T11:42:46","date_gmt":"2018-11-21T11:42:46","guid":{"rendered":"http:\/\/www.clubatletismojaca.com\/?page_id=428"},"modified":"2026-03-02T17:44:55","modified_gmt":"2026-03-02T17:44:55","slug":"galeria-fotografica","status":"publish","type":"page","link":"https:\/\/www.clubatletismojaca.com\/index.php\/galeria-fotografica\/","title":{"rendered":"Galer\u00eda Fotogr\u00e1fica"},"content":{"rendered":"<div class=\"vce-row-container\" data-vce-boxed-width=\"true\"><div class=\"vce-row vce-row--col-gap-30 vce-row-equal-height vce-row-content--top\" id=\"el-1bfc1ed2\" data-vce-do-apply=\"all el-1bfc1ed2\"><div class=\"vce-row-content\" data-vce-element-content=\"true\"><div class=\"vce-col vce-col--md-auto vce-col--xs-1 vce-col--xs-last vce-col--xs-first vce-col--sm-last vce-col--sm-first vce-col--md-last vce-col--lg-last vce-col--xl-last vce-col--md-first vce-col--lg-first vce-col--xl-first\" id=\"el-76320d85\"><div class=\"vce-col-inner\" data-vce-do-apply=\"border margin background  el-76320d85\"><div class=\"vce-col-content\" data-vce-element-content=\"true\" data-vce-do-apply=\"padding el-76320d85\"><div class=\"vce-text-block\"><div class=\"vce-text-block-wrapper vce\" id=\"el-04e1c63f\" data-vce-do-apply=\"all el-04e1c63f\"><h3>2026<\/h3><p style=\"letter-spacing: 1px; line-height: 0.75;\"><a href=\"https:\/\/photos.app.goo.gl\/UXZMfRG87NkCCpSWA\">RAQUETAS POR LIZARA.PUNTA NAPAZAL 22-02-2026<\/a><\/p><p style=\"letter-spacing: 1px; line-height: 0.75;\"><a href=\"https:\/\/photos.app.goo.gl\/pyBhzeqBe9PNaVPR9\">CRUZ DE OROEL. 18-01-2026<\/a><\/p><p style=\"letter-spacing: 1px; line-height: 0.75;\"><a href=\"https:\/\/photos.app.goo.gl\/8K43wK6sfrU1TiHz7\">CRO<\/a><a href=\"https:\/\/photos.app.goo.gl\/n4BefgBV7VMoCU1t5\">MALLOS DE RIGLOS. 14-01-2026<\/a><a href=\"https:\/\/photos.app.goo.gl\/8K43wK6sfrU1TiHz7\">SS DE ELGOIBAR. 18-01-2026<\/a><\/p><p style=\"letter-spacing: 1px; line-height: 0.75;\"><a href=\"https:\/\/photos.app.goo.gl\/ghgVXeyQWL6jHFmN6\">XVI SALIDA DE LAS ERMITAS. 06-01-2026<\/a><\/p><h3>2025<\/h3><p style=\"line-height: 0.75;\"><a href=\"https:\/\/photos.app.goo.gl\/zf31HaBeQBeMy1Cn8\">CARRERAS INFANTILES OROEL 2025<\/a><\/p><p style=\"line-height: 0.75;\"><a href=\"https:\/\/photos.app.goo.gl\/cvLvuqomqDnfkhhF6\">XXVII SUBIDA A OROEL (VOL II) 2025<\/a><\/p><p style=\"line-height: 0.75;\"><a href=\"https:\/\/photos.app.goo.gl\/yiFNoakuQrD7trUm7\">XXVII SUBIDA A OROEL (VOL I) 2025<\/a><\/p><p style=\"line-height: 0.75;\"><a href=\"https:\/\/photos.app.goo.gl\/Uzhs19Lk4jKDGRW46\">DE VILLALANGUA A MURILLO<\/a>. <a href=\"https:\/\/photos.app.goo.gl\/Uzhs19Lk4jKDGRW46\">19-01-25<\/a><\/p><p style=\"line-height: 0.75;\"><a href=\"https:\/\/photos.app.goo.gl\/g1MtHhesSvhqnjhF9\">15 SALIDA DE LAS ERMITAS<\/a><\/p><p style=\"line-height: 0.75;\"><a href=\"https:\/\/photos.app.goo.gl\/X2ovCvu9NmtDKUD9A\">CROSS DE ELGOIBAR&nbsp; 05-01-2025<\/a><\/p><p style=\"line-height: 0.75;\"><a href=\"https:\/\/photos.app.goo.gl\/NC3z9Tma6CLCgw5u6\">CROSS SAN QUILEZ. BINEFAR 26-01-25<\/a><\/p><h3>2024<\/h3><p style=\"line-height: 0.75;\"><a href=\"https:\/\/photos.app.goo.gl\/wx5kJoKxT6DQnQMS8\">SAN SILVESTRE EN SINUES 2024<\/a><\/p><p style=\"line-height: 0.75;\"><a href=\"https:\/\/photos.app.goo.gl\/NdQg4DKZgnxdzbii7\">COLOCACION BELEN ESCUELA INFANTIL<\/a><\/p><p style=\"line-height: 0.75;\"><a href=\"https:\/\/photos.app.goo.gl\/LdGsPRiESZqFUV2T6\">SUBIDA AL ALBAR\u00daN.&nbsp; 15-12-2024<\/a><\/p><p style=\"line-height: 0.75;\"><a href=\"https:\/\/photos.app.goo.gl\/nocL7htzvQWrMEun6\">BELEN MONTA\u00d1ERO. 06-12-2024<\/a><\/p><p style=\"line-height: 0.75;\"><a href=\"https:\/\/photos.app.goo.gl\/3VExuLMeW2C8RH5r8\">1\u00aa MILLA URBANA DE JACA . 21-12-2024<\/a><\/p><p style=\"line-height: 0.75;\"><a href=\"https:\/\/photos.app.goo.gl\/P8LkSd8VN46yBUcJA\">XXVI<\/a> <a href=\"https:\/\/photos.app.goo.gl\/P8LkSd8VN46yBUcJA\">SUBIDA A OROEL 2024<\/a><\/p><p style=\"line-height: 0.75;\"><a href=\"https:\/\/photos.app.goo.gl\/PJu9rvAfYmEHfVc87\">CARRERAS INFANTILES OROEL 2024<\/a><\/p><p style=\"line-height: 0.75;\"><a href=\"https:\/\/photos.app.goo.gl\/LE2QsoL49ZrjSfdJ9\">MARCHA SENDERISTA DE JACA 2024<\/a><\/p><p style=\"line-height: 0.75;\"><a href=\"https:\/\/photos.app.goo.gl\/v4twD8R5EJEteExC8\">14 SALIDA DE LAS ERMITAS 2024<\/a><\/p><h3>2023<\/h3><p><a href=\"https:\/\/photos.app.goo.gl\/K8TXLCZg6nVcrDT36\">SUBIDA A OROEL 2023<\/a><\/p><p><a href=\"https:\/\/photos.app.goo.gl\/dbwCqDasyyNdZfFu7\">CARRERAS INFANTILES OROEL 2023<\/a><\/p><h3><a href=\"https:\/\/photos.app.goo.gl\/BSjzRbWUiguSKorw6\"><span style=\"font-size: 12pt;\">MARCHA SENDERISTA DE JACA 2023<\/span><\/a><\/h3><h3>2022<\/h3><p><a href=\"https:\/\/photos.app.goo.gl\/yGo6cDgiarmHTnCJA\">CARRERAS INFANTILES SUBIDA&nbsp; A OROEL 2022<\/a><\/p><p><a href=\"https:\/\/photos.app.goo.gl\/TtX4ScZLb3mNPfyN7\">XXIV SUBIDA A OROEL 2022<\/a><\/p><p><a href=\"https:\/\/photos.app.goo.gl\/eAfaDcVJGfcakCkx8\">CARRERAS INFANTILES \"FIESTAS DE JACA\" 2022<\/a><\/p><p><a href=\"https:\/\/photos.app.goo.gl\/SzpwVqUMJr42DfEE7\">7\u00aa MARCHA SENDERISTA DE JACA 2022<\/a><\/p><h3><a href=\"https:\/\/photos.app.goo.gl\/eMLfigK5JCfYALVj9\"><span style=\"color: #ff0000; font-size: 12pt;\">12\u00aa SALIDA DE LAS ERMITAS&nbsp;<\/span><\/a><\/h3><h3>2021<\/h3><p><a href=\"https:\/\/photos.app.goo.gl\/pxFEMxaWPMTSXaBC8\"><span style=\"color: #ff0000;\">6\u00ba CROSS ESCOLAR DE JACA<\/span><\/a><\/p><h3><a href=\"https:\/\/photos.app.goo.gl\/XTb9xn3sckqZ6zht8\"><span style=\"font-size: 12pt; color: #ff0000;\">23\u00aa&nbsp; SUBIDA A OROEL 2021<\/span><\/a><\/h3><p style=\"line-height: 0.5;\"><a href=\"https:\/\/photos.app.goo.gl\/wXUEeGG3AkC3Rkdv9\"><span style=\"color: #ff0000;\">11\u00aa SALIDA DE LAS ERMITAS 2021<\/span><\/a><\/p><h3>2020<\/h3><p><a href=\"https:\/\/photos.google.com\/share\/AF1QipNOxw4Yw3FdkOpe0zRyBcIYclY3s6FCvNNjxet_8gMsI6Yz4XAIFzS6J_DMwTMAlw?key=dEtuVUt1SERoeW9xTEZKQW1scE5Ic2hOamszTmZn\" target=\"_blank\" rel=\"noopener\">10\u00aa SALIDA DE LAS ERMITAS 2020<\/a><\/p><h3>2019<\/h3><p><a href=\"https:\/\/photos.google.com\/share\/AF1QipNSQvgVAX44OL4n5obEBLYlh23r2xxy9K3uTLdLa9KpZluRaZDfgw_dADrVrRahgQ?key=am9rUU0zcU5iRXdFaUtabGJ1b1JfbFNRTjdzUDh3\" target=\"_blank\" rel=\"noopener\">22\u00aa SUBIDA A OROEL<\/a><br><a href=\"https:\/\/photos.google.com\/share\/AF1QipMDijdoO4feerdXiNtlS2e1xzc7LecMYIjgmpA9Q89iWvKbiqqcT2pRb_ASKcd0wQ?key=RXRrVjByUGJKQm1kM2xyaFBrMDVQTW10THRjSnB3\" target=\"_blank\" rel=\"noopener\">22\u00aa SUBIDA A OROEL - CARRERAS INFANTILES<\/a><br><a href=\"https:\/\/photos.app.goo.gl\/ymdF7pHMbbzo261h6\" target=\"_blank\" rel=\"noopener\">6\u00aa MARCHA SENDERISTA DE JACA POR LOS PUEBLOS DE LA SOLANA<\/a><br><a href=\"https:\/\/photos.app.goo.gl\/v35nSgBetrGGhn5BA\" target=\"_BLANK\" rel=\"noopener\">9\u00aa SALIDA DE LAS ERMITAS 2019<\/a><\/p><h3>2018<\/h3><p><a href=\"https:\/\/photos.google.com\/share\/AF1QipOZ3CFE2LvDDVl2XsMiC-UrhfJIlePRr0s43SApMJ1E1uG12gJg1zJdHVBmnidz7g?key=SXN5SU5KOFRTLW43YUZaenJ3eHBzM1FPYWV0a3RB\" target=\"_blank\" rel=\"noopener\">San Silvestre 2018 - Villan\u00faa<\/a><br><a href=\"https:\/\/photos.google.com\/share\/AF1QipM2VSoI8xVAhyQKuk0u5k5Tj6u-1oev9pFLgNfF0hWZ2ONpy3pxnJ2ZCAQCn_Qq1w?key=ZC04aGNuY0xlM2hTc1FqSVRXTmE2a0hveWlnVDVR\" target=\"_blank\" rel=\"noopener\">Despedida del a\u00f1o 2018. Estarr\u00fan 31 de diciembre<\/a><br><a href=\"https:\/\/photos.google.com\/share\/AF1QipNpmXwWgbH46hrP-H9Cb9zUSTNsvdcz_xffQgEjEFazSkCs2x9E3BbYTLVYSSfeDA?key=VVBwcFhqZ0lJSW9GeWJZVExfX2txN3hpOUNNalV3\" target=\"_blank\" rel=\"noopener\">Colocaci\u00f3n Bel\u00e9n Diciembre 2018 - Gros\u00edn<\/a><br><a href=\"https:\/\/photos.app.goo.gl\/uXgYQeFQgnNXgEHm7\" target=\"_blank\" rel=\"noopener\">XXX MEDIA MARATON DE CASTIELLO DE JACA 2018<\/a><br><a href=\"https:\/\/photos.app.goo.gl\/VV4LTcnYCF1cvAuE6\" target=\"_blank\" rel=\"noopener\">XXI SUBIDA A OROEL 2018<\/a><br><a href=\"https:\/\/photos.app.goo.gl\/7PCjNeZpiC7y5R9D8\" target=\"_blank\" rel=\"noopener\">CARRERAS INFANTILES OROEL 2018<\/a><br><a href=\"https:\/\/photos.app.goo.gl\/GNxzs6GCdVF4HxN63\" target=\"_blank\" rel=\"noopener\">5\u00aa MARCHA SENDERISTA DE JACA 2018<\/a><br><a href=\"https:\/\/photos.app.goo.gl\/wArGqOXDJ1R6qofs2\" target=\"_blank\" rel=\"noopener\">8\u00aa SALIDA DE LAS ERMITAS 2018<\/a><\/p><h3>2017<\/h3><p><a href=\"https:\/\/photos.app.goo.gl\/ihJCRq8NS4z3FQ5j9\" target=\"_blank\" rel=\"noopener\">4\u00aa MARCHA SENDERISTA DE JACA.2017<\/a><br><a href=\"https:\/\/photos.app.goo.gl\/ZuWTHXNCq7dX71tr6\" target=\"_blank\" rel=\"noopener\">VUELTA A RIGLOS. DICIEMBRE 2017<\/a><br><a href=\"https:\/\/photos.app.goo.gl\/H6u5PrjWdLaMnaGk9\" target=\"_blank\" rel=\"noopener\">COLOCACI\u00d3N DEL BELEN. GROS\u00cdN. DICIEMBRE 2017<\/a><br><a href=\"https:\/\/photos.app.goo.gl\/EdDHaRVBFYPCp1G49\" target=\"_blank\" rel=\"noopener\">SENDERO DE LOS RIOS. DICIEMBRE 2017<\/a><br><a href=\"https:\/\/photos.app.goo.gl\/Va1hxeJ7L8WjhQkX7\" target=\"_blank\" rel=\"noopener\">XXIX MEDIA MARATON DE CASTIELLO 2017<\/a><\/p><h3>2016<\/h3><p><a href=\"https:\/\/photos.app.goo.gl\/bF3c2dHZ5bA1mkRH7\" target=\"_blank\" rel=\"noopener\">3\u00aa MARCHA SENDERISTA DE JACA 2016<\/a><\/p><h3>2015<\/h3><p><a href=\"https:\/\/photos.app.goo.gl\/4fFFrTe8pTgeNSMQ8\" target=\"_blank\" rel=\"noopener\">BAJADA A AYERBE,2015<\/a><br><a href=\"https:\/\/photos.app.goo.gl\/Wv5G7BnSJZxZEKdY6\" target=\"_blank\" rel=\"noopener\">CROSS DE JACA,2015<\/a><br><a href=\"https:\/\/photos.app.goo.gl\/sJogsARHek2bhGsr6\" target=\"_blank\" rel=\"noopener\">XXVII MEDIA MARATON DE CASTIELLO 2015<\/a><br><a href=\"https:\/\/photos.app.goo.gl\/5Xb3k7gosUsdV2dz8\" target=\"_blank\" rel=\"noopener\">CARRERAS INFANTILES, CASTIELLO 2015<\/a><br><a href=\"https:\/\/photos.app.goo.gl\/AgSp75gCwvdPnTUC6\" target=\"_blank\" rel=\"noopener\">2\u00aa MARCHA SENDERISTA DE JACA 2015<\/a><br><a href=\"https:\/\/photos.app.goo.gl\/ZQsEgjP7vwiDpgvCA\" target=\"_blank\" rel=\"noopener\">1 ENCUENTRO TECNOLOGICO DE JACA. 2015<\/a><br><a href=\"https:\/\/photos.app.goo.gl\/o3C5QuLueEZedR4R7\" target=\"_blank\" rel=\"noopener\">I 10 K DE JACA.ABRIL 2015<\/a><br><a href=\"https:\/\/photos.app.goo.gl\/SSKDDnYrLMM2ABmu5\" target=\"_blank\" rel=\"noopener\">5\u00aa SALIDA DE LAS ERMITAS 2015<\/a><\/p><h3>2014<\/h3><p><a href=\"https:\/\/photos.app.goo.gl\/Xtzv5KikPjPuqcZE8\" target=\"_blank\" rel=\"noopener\">1\u00aa MARCHA SENDERISTA 2014<\/a><\/p><h3>2013<\/h3><p><a href=\"https:\/\/photos.app.goo.gl\/PF5duq1YVeu4wvYG9\" target=\"_blank\" rel=\"noopener\">XVI SUBIDA A OROEL 2013<\/a><br><a href=\"https:\/\/photos.app.goo.gl\/5tbc8kSULtz35QM29\" target=\"_blank\" rel=\"noopener\">CARRERAS INFANTILES OROEL 2013<\/a><\/p><h3>2012<\/h3><p><a href=\"https:\/\/photos.app.goo.gl\/N7M3n1JUzncY59BL6\" target=\"_blank\" rel=\"noopener\">MARCHA FLOR DEL ALMENDRO 2012. AYERBE<\/a><br><a href=\"https:\/\/photos.app.goo.gl\/p3i2CGNAPZvT5iNd8\" target=\"_blank\" rel=\"noopener\">XV SUBIDA A OROEL 2012<\/a><br><a href=\"https:\/\/photos.app.goo.gl\/vEHp7oWy5YhocQAUA\" target=\"_blank\" rel=\"noopener\">3\u00aa SALIDA DE LAS ERMITAS 2012<\/a><\/p><h3>2011<\/h3><p><a href=\"https:\/\/photos.app.goo.gl\/YWaFsxEETk57cJS19\" target=\"_blank\" rel=\"noopener\">XXIII MEDIA MARATON CASTIELLO 2011<\/a><br><a href=\"https:\/\/photos.app.goo.gl\/Zzb7xJEpodpM77YR9\" target=\"_blank\" rel=\"noopener\">CARRERAS INFANTILES OROEL 2011<\/a><\/p><h3>2010<\/h3><p><a href=\"https:\/\/photos.app.goo.gl\/5G8CM7ypa1RX9ZfB6\" target=\"_blank\" rel=\"noopener\">XXII MEDIA MARATON DE CASTIELLO 2010<\/a><br><a href=\"https:\/\/photos.app.goo.gl\/Za3BUSiPf7nDL3EG7\" target=\"_blank\" rel=\"noopener\">I\u00aa SALIDA DE LAS ERMITAS 2010<\/a><\/p><h3>2009<\/h3><p><a href=\"https:\/\/photos.app.goo.gl\/7V3cNWDNLbZHj9s9A\" target=\"_blank\" rel=\"noopener\">XXI MEDIA MARATON DE CASTIELLO 2009<\/a><\/p><h3>2004<\/h3><p><a href=\"https:\/\/photos.app.goo.gl\/rk522UzUFiiZnuwn9\" target=\"_blank\" rel=\"noopener\">XVI MEDIA MARATON DECASTIELLO DE JACA 2004<\/a><\/p><\/div><\/div><\/div><\/div><\/div><\/div><\/div><\/div>\n","protected":false},"excerpt":{"rendered":"<div class=\"slide-text-bg2\"><span>2026RAQUETAS POR LIZARA.PUNTA NAPAZAL 22-02-2026CRUZ DE OROEL. 18-01-2026CROMALLOS DE RIGLOS. 14-01-2026SS DE ELGOIBAR. 18-01-2026XVI SALIDA DE LAS ERMITAS<\/span><\/div>\n<div class=\"slide-btn-area-sm\"><a href=\"https:\/\/www.clubatletismojaca.com\/index.php\/galeria-fotografica\/\" class=\"slide-btn-sm\">Leer m\u00e1s<\/a><\/div>\n","protected":false},"author":2,"featured_media":0,"parent":0,"menu_order":9,"comment_status":"closed","ping_status":"closed","template":"","meta":[],"_links":{"self":[{"href":"https:\/\/www.clubatletismojaca.com\/index.php\/wp-json\/wp\/v2\/pages\/428"}],"collection":[{"href":"https:\/\/www.clubatletismojaca.com\/index.php\/wp-json\/wp\/v2\/pages"}],"about":[{"href":"https:\/\/www.clubatletismojaca.com\/index.php\/wp-json\/wp\/v2\/types\/page"}],"author":[{"embeddable":true,"href":"https:\/\/www.clubatletismojaca.com\/index.php\/wp-json\/wp\/v2\/users\/2"}],"replies":[{"embeddable":true,"href":"https:\/\/www.clubatletismojaca.com\/index.php\/wp-json\/wp\/v2\/comments?post=428"}],"version-history":[{"count":42,"href":"https:\/\/www.clubatletismojaca.com\/index.php\/wp-json\/wp\/v2\/pages\/428\/revisions"}],"predecessor-version":[{"id":1385,"href":"https:\/\/www.clubatletismojaca.com\/index.php\/wp-json\/wp\/v2\/pages\/428\/revisions\/1385"}],"wp:attachment":[{"href":"https:\/\/www.clubatletismojaca.com\/index.php\/wp-json\/wp\/v2\/media?parent=428"}],"curies":[{"name":"wp","href":"https:\/\/api.w.org\/{rel}","templated":true}]}}