{"id":35,"date":"2018-04-02T10:54:07","date_gmt":"2018-04-02T10:54:07","guid":{"rendered":"http:\/\/www.peachinformatica.com\/caj\/?page_id=35"},"modified":"2018-10-10T17:27:31","modified_gmt":"2018-10-10T17:27:31","slug":"media-maraton-de-castiello","status":"publish","type":"page","link":"https:\/\/www.clubatletismojaca.com\/index.php\/media-maraton-de-castiello\/","title":{"rendered":"Media Marat\u00f3n de Castiello"},"content":{"rendered":"<div class=\"row\">\n<div class=\"col-xs-12 col-sm-3\"><img src=\"https:\/\/www.clubatletismojaca.com\/wp-content\/uploads\/2018\/08\/CARTELCASTIELLO2018PEQ.jpg\" alt=\"\" width=\"100%\" class=\"aligncenter size-full wp-image-81\" \/><\/div>\n<div class=\"col-xs-12 col-sm-9\">\n<p align=\"justify\">El pr\u00f3ximo d\u00eda 30 de septiembre se celebrar\u00e1 en Castiello de Jaca la XXX edici\u00f3n de la Media Marat\u00f3n Castiello de Jaca sobre un recorrido de 21.097 metros, no homologados. El Ayuntamiento de Castiello de Jaca promueve este evento deportivo, que cuenta con la organizaci\u00f3n del Club Atletismo Jaca y la Federaci\u00f3n Aragonesa de Atletismo, prueba que se incluye en su calendario auton\u00f3mico con la autorizaci\u00f3n de la Federaci\u00f3n Aragonesa de Atletismo y bajo el control t\u00e9cnico del Comit\u00e9 Territorial de Jueces FAA.<\/p>\n<p align=\"justify\">Al mismo tiempo que la Media Marat\u00f3n se celebrar\u00e1 una prueba para marchadores de 14K que discurrir\u00e1 por el Camino de Santiago, con misma llegada y salida que la prueba de Media Marat\u00f3n.<\/p>\n<\/div>\n<\/div>\n<p><\/br><br \/>\n<a href=\"https:\/\/photos.app.goo.gl\/uXgYQeFQgnNXgEHm7\" target=\"_blank\" class=\"slide-btn-sm\">VER LA GALER\u00cdA DE IM\u00c1GENES de la XXX Media Marat\u00f3n de Castiello<\/a><\/p>\n<p align=\"justify\"><\/br>Las inscripciones on line estar\u00e1n abiertas hasta el viernes 28 a las 23\u00b400 hr.<\/br><br \/>\nSe podr\u00e1n hacer directamente el s\u00e1bado de 17\u00b430 a 18\u00b430 durante las carreras infantiles en el campo de f\u00fatbol de Castiello.<\/br><br \/>\nEl domingo no se admiten inscripciones.<\/p>\n<p><script type='text\/javascript' src='https:\/\/sportmaniacs.com\/embed\/es\/races\/xxx-media-maraton-castiello-de-jaca.js'><\/script><br \/>\n<iframe loading=\"lazy\" id=\"mapmyfitness_route\" src=\"\/\/snippets.mapmycdn.com\/routes\/view\/embedded\/2258759917?width=600&#038;height=400&#038;&#038;line_color=E60f0bdb&#038;rgbhex=DB0B0E&#038;distance_markers=0&#038;unit_type=imperial&#038;map_mode=ROADMAP&#038;last_updated=2018-09-24T18:32:57+02:00\" height=\"400px\" width=\"100%\" frameborder=\"0\"><\/iframe><\/p>\n<div style=\"text-align: right; padding-right: 20px;\">\n                    <a target=\"_blank\" rel=\"noopener noreferrer\" href=\"http:\/\/www.mapmyrun.com\/routes\/create\/\">Create Routes<\/a><br \/>\n                    or <a href=\"http:\/\/www.mapmyrun.com\/routes\/\">Search for a route<\/a><br \/>\n                    from millions at <a href=\"http:\/\/www.mapmyrun.com\">MapMyRun<\/a>\n                <\/div>\n<p><!--\n<\/br>\n\n\n<h2>Reglamento<\/h2>\n\n\n\n\n<p align=\"justify\">El pr\u00f3ximo d\u00eda 30 de septiembre se celebrar\u00e1 en Castiello de Jaca la XXX edici\u00f3n de la Media Marat\u00f3n Castiello de Jaca sobre un recorrido de 21.097 metros, no homologados. El Ayuntamiento de Castiello de Jaca promueve este evento deportivo, que cuenta con la organizaci\u00f3n del Club Atletismo Jaca y la Federaci\u00f3n Aragonesa de Atletismo, prueba que se incluye en su calendario auton\u00f3mico con la autorizaci\u00f3n de la Federaci\u00f3n Aragonesa de Atletismo y bajo el control t\u00e9cnico del Comit\u00e9 Territorial de Jueces FAA.<\/p>\n\n\n\n\n<p align=\"justify\">Al mismo tiempo que la Media Marat\u00f3n se celebrar\u00e1 una prueba para marchadores de 14K que discurrir\u00e1 por el Camino de Santiago, con misma llegada y salida que la prueba de Media Marat\u00f3n.<\/p>\n\n\n\n\n<h3>Art\u00edculo 1.- Informaci\u00f3n General<\/h3>\n\n\n\n\n<p align=\"justify\">El horario de comienzo de la prueba ser\u00e1 las 10.30 h, con salida y llegada en Castiello de Jaca. El orden de salida y las diferentes categor\u00edas ser\u00e1n las siguientes:<\/p>\n\n\n\n\n<table width=\"100%\">\n\n\n<tr>\n\n\n<td>Hora<\/td>\n\n\n\n\n<td>Categor\u00eda<\/td>\n\n\n\n\n<td>A\u00f1o Nac.<\/td>\n\n\n\n\n<td>Metros<\/td>\n\n\n\n\n<td>Vueltas circuito<\/td>\n\n\n\n\n<td>Premios<\/td>\n\n\n<\/tr>\n\n\n\n\n<tr>\n\n\n<td>10.30<\/td>\n\n\n\n\n<td>Absoluta Mas<\/td>\n\n\n\n\n<td>todos<\/td>\n\n\n\n\n<td>21.097*<\/td>\n\n\n\n\n<td>1<\/td>\n\n\n\n\n<td>Trofeo 1\u00ba-2\u00ba-3\u00ba<\/td>\n\n\n<\/tr>\n\n\n\n\n<tr>\n\n\n<td>10.30<\/td>\n\n\n\n\n<td>Absoluta Fem<\/td>\n\n\n\n\n<td>todos<\/td>\n\n\n\n\n<td>21.097*<\/td>\n\n\n\n\n<td>1<\/td>\n\n\n\n\n<td>Trofeo 1\u00ba-2\u00ba-3\u00ba<\/td>\n\n\n<\/tr>\n\n\n\n\n<tr>\n\n\n<td>10.30<\/td>\n\n\n\n\n<td>M\u00e1ster Mas A<\/td>\n\n\n\n\n<td>35>44<\/td>\n\n\n\n\n<td>21.097*<\/td>\n\n\n\n\n<td>1<\/td>\n\n\n\n\n<td>Trofeo 1\u00ba-2\u00ba-3\u00ba<\/td>\n\n\n<\/tr>\n\n\n\n\n<tr>\n\n\n<td>10.30<\/td>\n\n\n\n\n<td>M\u00e1ster Mas B<\/td>\n\n\n\n\n<td>45 y +<\/td>\n\n\n\n\n<td>21.097*<\/td>\n\n\n\n\n<td>1<\/td>\n\n\n\n\n<td>Trofeo 1\u00ba-2\u00ba-3\u00ba<\/td>\n\n\n<\/tr>\n\n\n\n\n<tr>\n\n\n<td>10.30<\/td>\n\n\n\n\n<td>M\u00e1ster Fem A <\/td>\n\n\n\n\n<td>35>44<\/td>\n\n\n\n\n<td>21.097*<\/td>\n\n\n\n\n<td>1<\/td>\n\n\n\n\n<td>Trofeo 1\u00ba-2\u00ba-3\u00ba<\/td>\n\n\n<\/tr>\n\n\n\n\n<tr>\n\n\n<td>10.30<\/td>\n\n\n\n\n<td>M\u00e1ster Fem B <\/td>\n\n\n\n\n<td>45 y +<\/td>\n\n\n\n\n<td>21.097*<\/td>\n\n\n\n\n<td>1<\/td>\n\n\n\n\n<td>Trofeo 1\u00ba-2\u00ba-3\u00ba<\/td>\n\n\n<\/tr>\n\n\n\n\n<tr>\n\n\n<td>10.30<\/td>\n\n\n\n\n<td>Comarcal<\/td>\n\n\n\n\n<td>todos<\/td>\n\n\n\n\n<td>21.097*<\/td>\n\n\n\n\n<td>1<\/td>\n\n\n\n\n<td>Trofeo 1\u00ba-2\u00ba-3\u00ba<\/td>\n\n\n<\/tr>\n\n\n\n\n<tr>\n\n\n<td>10.30<\/td>\n\n\n\n\n<td>Local<\/td>\n\n\n\n\n<td>Todos<\/td>\n\n\n\n\n<td>21.097*<\/td>\n\n\n\n\n<td>1<\/td>\n\n\n\n\n<td>Trofeo 1\u00ba-2\u00ba-3\u00ba<\/td>\n\n\n<\/tr>\n\n\n\n\n<tr>\n\n\n<td>10.30<\/td>\n\n\n\n\n<td>Marchadores Mas<\/td>\n\n\n\n\n<td>+ 16 a\u00f1os<\/td>\n\n\n\n\n<td>14.000*<\/td>\n\n\n\n\n<td>1<\/td>\n\n\n\n\n<td>Trofeo 1\u00ba-2\u00ba-3\u00ba<\/td>\n\n\n<\/tr>\n\n\n\n\n<tr>\n\n\n<td>10.30<\/td>\n\n\n\n\n<td>Marchadoras Fem<\/td>\n\n\n\n\n<td>+ 16 a\u00f1os<\/td>\n\n\n\n\n<td>14.000*<\/td>\n\n\n\n\n<td>1<\/td>\n\n\n\n\n<td>Trofeo 1\u00ba-2\u00ba-3\u00ba<\/td>\n\n\n<\/tr>\n\n\n<\/table>\n\n\n\n\n<p align=\"justify\">*distancia no homologada<\/p>\n\n\n\n\n<p align=\"justify\">Se entregar\u00e1 un trofeo especial para el atleta que cruce en \u00faltima posici\u00f3n en categor\u00eda corredores\/as y marchadores\/as<\/p>\n\n\n\n\n<p align=\"justify\">Ser\u00e1 necesario presentar documento de empadronamiento en Castiello de Jaca o Jacetania, para poder optar a los premios de la categor\u00eda local y comarcal<\/p>\n\n\n\n\n<p align=\"justify\">Trofeos no acumulables. En caso de optar a trofeo en varias categor\u00edas se har\u00e1 entrega de los mismos en el siguiente orden: Absoluto, Veteranos, Comarcal, Local. La organizaci\u00f3n determinar\u00e1 en caso de duda el atleta premiado seg\u00fan categor\u00eda.<\/p>\n\n\n\n\n<p align=\"justify\">Los atletas que pueden participar en la misma son los siguientes:<\/p>\n\n\n\n\n<ul>\n\n\n<li>Atletas con licencia Federada (Escolar (ver categor\u00edas), Federada Auton\u00f3mica y Federada Nacional)<\/li>\n\n \n\n\n<li>Atletas sin licencia Federada.\n\n<li>\n\n\n<li>Los atletas extranjeros s\u00f3lo podr\u00e1n optar a premios econ\u00f3micos en caso de disponer de licencia por la FAA, en caso contrario podr\u00e1n participar en la prueba sin optar a estos premios.<\/li>\n\n\n<\/ul>\n\n\n\n\n<h3>Art\u00edculo 2.- Inscripciones.<\/h3>\n\n\n\n\n<p align=\"justify\">Las inscripciones se realizar\u00e1n a trav\u00e9s de SPORTEVENTO  o en la web www.clubatletismojaca.com. La recogida de dorsales se realizar\u00e1 en el campo de f\u00fatbol de  Castiello de Jaca el s\u00e1bado 29 durante la celebraci\u00f3n de las pruebas escolares o el domingo 30 hasta media hora antes del comienzo de la prueba.<\/p>\n\n\n\n\n<p align=\"justify\">La inscripci\u00f3n incluye la opci\u00f3n de quedarse en la comida popular a los inscritos, y la opci\u00f3n de a\u00f1adir acompa\u00f1antes al precio de 10\u20ac en el momento de formalizar la inscripci\u00f3n.<\/p>\n\n\n\n\n<h3>Art\u00edculo 3.- Seguros.<\/h3>\n\n\n\n\n<p align=\"justify\">Todos los participantes inscritos correctamente en la prueba estar\u00e1n cubiertos con un seguro de responsabilidad civil y de accidentes. La organizaci\u00f3n dispone del correspondiente seguro de responsabilidad civil. Queda totalmente prohibida la participaci\u00f3n de corredores no inscritos.<\/p>\n\n\n\n\n<p align=\"justify\">La organizaci\u00f3n recomienda hacerse una revisi\u00f3n m\u00e9dica y \/ o prueba de esfuerzo a todas aquellas personas que no hayan corrido una prueba de similares caracter\u00edsticas anteriormente o lleven un per\u00edodo prolongado de tiempo sin realizar actividad f\u00edsica.<\/p>\n\n\n\n\n<h3>Art\u00edculo 4.- Aspectos T\u00e9cnicos.<\/h3>\n\n\n\n\n<p align=\"justify\">Ser\u00e1 descalificado cualquier atleta que, a sabiendas de su imposibilidad de participar, proporcione datos err\u00f3neos a la Organizaci\u00f3n, para poder hacerlo. Se debe recordar que las reclamaciones deber\u00e1n hacerse ante el Juez \u00c1rbitro de la prueba, hasta 30 minutos despu\u00e9s de hacerse p\u00fablica la clasificaci\u00f3n de la carrera.<\/p>\n\n\n\n\n<p align=\"justify\">La carrera podr\u00e1 ser suspendida si as\u00ed lo decide la organizaci\u00f3n junto con la autorizaci\u00f3n del Juez \u00c1rbitro de la prueba.<\/p>\n\n\n\n\n<p align=\"justify\">La participaci\u00f3n en la competici\u00f3n supone la aceptaci\u00f3n del presente Reglamento, reserv\u00e1ndose la Organizaci\u00f3n el derecho a modificar aquellos aspectos de la prueba que por causa mayor sea necesario, previa autorizaci\u00f3n del Juez \u00c1rbitro de la competici\u00f3n.<\/p>\n\n\n\n\n<p align=\"justify\">Todo lo no previsto en este reglamento, ser\u00e1 resuelto por el Juez Arbitro, de acuerdo con el reglamento en vigor de la IAAF, la RFEA y FAA<\/p>\n\n\n\n\n<p align=\"justify\">La prueba de Media Marat\u00f3n y la prueba para marchadores tendr\u00e1n la misma salida (aunque en grupos diferenciados), diferenci\u00e1ndose los dorsales y permitiendo a los marchadores portar bastones, no pudiendo correr en ning\u00fan tramo del recorrido.<\/p>\n\n\n\n\n<h3>Art\u00edculo 4.- Cronometraje y resultados.<\/h3>\n\n\n\n\n<p align=\"justify\">El control de tiempos y puestos se realizar\u00e1 mediante el sistema de cronometraje electr\u00f3nico por chip.<\/p>\n\n\n\n\n<p align=\"justify\">Se establece el cierre de control a las 2h 30 minutos del comienzo de la prueba, pasado este tiempo los participantes aparecer\u00e1n en resultados como \u201cFuera de Control\u201d.<\/p>\n\n\n\n\n<p align=\"justify\">Los resultados de  la Media Marat\u00f3n Castiello de Jaca podr\u00e1n verse en la p\u00e1gina www.federacionaragonesadeatletismo.com en la secci\u00f3n calendario y en www.clubatletismojaca.com<\/p>\n\n\n\n\n<h3>Art\u00edculo 5.- Servicios al corredor<\/h3>\n\n\n\n\n<ul>\n\n\n<li>Se dispondr\u00e1 de ambulancia en la zona de salida \/ meta.<\/li>\n\n\n\n\n<li>Avituallamiento en la prueba cada 5Km y en l\u00ednea de meta, tanto para corredores como para marchadores.<\/li>\n\n\n\n\n<li>Sorteo de regalos durante la comida (ser\u00e1 obligatorio mostrar el dorsal y estar presente).<\/li>\n\n\n\n\n<li>Duchas y vestuarios  en el Campo de F\u00fatbol de Castiello de Jaca.<\/li>\n\n\n\n\n<li>A todos los participantes se les har\u00e1 entrega de la bolsa del corredor y camiseta conmemorativa.<\/li>\n\n\n<\/ul>\n\n\n--><\/p>\n","protected":false},"excerpt":{"rendered":"<div class=\"slide-text-bg2\"><span>El pr\u00f3ximo d\u00eda 30 de septiembre se celebrar\u00e1 en Castiello de Jaca la XXX edici\u00f3n de la Media Marat\u00f3n Castiello de Jaca sobre un recorrido de 21.097 me<\/span><\/div>\n<div class=\"slide-btn-area-sm\"><a href=\"https:\/\/www.clubatletismojaca.com\/index.php\/media-maraton-de-castiello\/\" class=\"slide-btn-sm\">Leer m\u00e1s<\/a><\/div>\n","protected":false},"author":2,"featured_media":0,"parent":0,"menu_order":0,"comment_status":"closed","ping_status":"closed","template":"","meta":[],"_links":{"self":[{"href":"https:\/\/www.clubatletismojaca.com\/index.php\/wp-json\/wp\/v2\/pages\/35"}],"collection":[{"href":"https:\/\/www.clubatletismojaca.com\/index.php\/wp-json\/wp\/v2\/pages"}],"about":[{"href":"https:\/\/www.clubatletismojaca.com\/index.php\/wp-json\/wp\/v2\/types\/page"}],"author":[{"embeddable":true,"href":"https:\/\/www.clubatletismojaca.com\/index.php\/wp-json\/wp\/v2\/users\/2"}],"replies":[{"embeddable":true,"href":"https:\/\/www.clubatletismojaca.com\/index.php\/wp-json\/wp\/v2\/comments?post=35"}],"version-history":[{"count":18,"href":"https:\/\/www.clubatletismojaca.com\/index.php\/wp-json\/wp\/v2\/pages\/35\/revisions"}],"predecessor-version":[{"id":414,"href":"https:\/\/www.clubatletismojaca.com\/index.php\/wp-json\/wp\/v2\/pages\/35\/revisions\/414"}],"wp:attachment":[{"href":"https:\/\/www.clubatletismojaca.com\/index.php\/wp-json\/wp\/v2\/media?parent=35"}],"curies":[{"name":"wp","href":"https:\/\/api.w.org\/{rel}","templated":true}]}}