{"id":15,"date":"2018-04-02T09:24:07","date_gmt":"2018-04-02T09:24:07","guid":{"rendered":"http:\/\/www.peachinformatica.com\/caj\/?page_id=15"},"modified":"2024-12-14T16:07:11","modified_gmt":"2024-12-14T16:07:11","slug":"montana","status":"publish","type":"page","link":"https:\/\/www.clubatletismojaca.com\/index.php\/montana\/","title":{"rendered":"Monta\u00f1a"},"content":{"rendered":"<div class=\"vce-row-container\" data-vce-boxed-width=\"true\"><div class=\"vce-row vce-row--col-gap-30 vce-row-equal-height vce-row-content--top\" id=\"el-011562a7\" data-vce-do-apply=\"all el-011562a7\"><div class=\"vce-row-content\" data-vce-element-content=\"true\"><div class=\"vce-col vce-col--md-auto vce-col--xs-1 vce-col--xs-last vce-col--xs-first vce-col--sm-last vce-col--sm-first vce-col--md-last vce-col--lg-last vce-col--xl-last vce-col--md-first vce-col--lg-first vce-col--xl-first\" id=\"el-cb3e5a7e\"><div class=\"vce-col-inner\" data-vce-do-apply=\"border margin background  el-cb3e5a7e\"><div class=\"vce-col-content\" data-vce-element-content=\"true\" data-vce-do-apply=\"padding el-cb3e5a7e\"><div class=\"vce-text-block\"><div class=\"vce-text-block-wrapper vce\" id=\"el-e6ad9fff\" data-vce-do-apply=\"all el-e6ad9fff\"><p>Nuestro club est\u00e1 inscrito en la Federaci\u00f3n Aragonesa de Monta\u00f1a, con lo que si eres socio te puedes beneficiar de todas las ventajas que supone esto. Recomendamos que si quieres practicar monta\u00f1a, senderismo o cualquier actividad al aire libre te federes a trav\u00e9s de nuestro club. Cuesta poco y los beneficios pueden ser muchos.<\/p><\/div><\/div><\/div><\/div><\/div><\/div><\/div><\/div><div class=\"vce-row-container\" data-vce-boxed-width=\"true\"><div class=\"vce-row vce-row--col-gap-30 vce-row-equal-height vce-row-content--top\" id=\"el-d9337346\" data-vce-do-apply=\"all el-d9337346\"><div class=\"vce-row-content\" data-vce-element-content=\"true\"><div class=\"vce-col vce-col--md-auto vce-col--xs-1 vce-col--xs-last vce-col--xs-first vce-col--sm-last vce-col--sm-first vce-col--md-first vce-col--lg-first vce-col--xl-first\" id=\"el-57e1c69f\"><div class=\"vce-col-inner\" data-vce-do-apply=\"border margin background  el-57e1c69f\"><div class=\"vce-col-content\" data-vce-element-content=\"true\" data-vce-do-apply=\"padding el-57e1c69f\"><div class=\"vce-single-image-container vce-single-image--align-center\"><div class=\"vce vce-single-image-wrapper\" id=\"el-904ed0f6\" data-vce-do-apply=\"all el-904ed0f6\"><figure><div class=\"vce-single-image-inner vce-single-image--absolute\" style=\"padding-bottom: 75%; width: 600px;\"><img loading=\"lazy\" class=\"vce-single-image vcv-lozad\" data-src=\"https:\/\/www.clubatletismojaca.com\/wp-content\/uploads\/2024\/12\/montana1-600x450.jpg\" width=\"600\" height=\"450\" srcset=\"https:\/\/www.clubatletismojaca.com\/wp-content\/uploads\/2024\/12\/montana1-320x240.jpg 320w,https:\/\/www.clubatletismojaca.com\/wp-content\/uploads\/2024\/12\/montana1-480x360.jpg 480w,https:\/\/www.clubatletismojaca.com\/wp-content\/uploads\/2024\/12\/montana1-600x450.jpg 600w\" src=\"\" data-img-src=\"https:\/\/www.clubatletismojaca.com\/wp-content\/uploads\/2018\/04\/montana1.jpg\" alt=\"\" title=\"montana1\" \/><noscript>\n        <img loading=\"lazy\" class=\"vce-single-image\" src=\"https:\/\/www.clubatletismojaca.com\/wp-content\/uploads\/2018\/04\/montana1.jpg\" width=\"600\" height=\"450\" alt=\"\" title=\"montana1\" \/>\n      <\/noscript><\/div><figcaption hidden=\"\"><\/figcaption><\/figure><\/div><\/div><\/div><\/div><\/div><div class=\"vce-col vce-col--md-auto vce-col--xs-1 vce-col--xs-last vce-col--xs-first vce-col--sm-last vce-col--sm-first vce-col--md-last vce-col--lg-last vce-col--xl-last\" id=\"el-8813789e\"><div class=\"vce-col-inner\" data-vce-do-apply=\"border margin background  el-8813789e\"><div class=\"vce-col-content\" data-vce-element-content=\"true\" data-vce-do-apply=\"padding el-8813789e\"><div class=\"vce-single-image-container vce-single-image--align-center\"><div class=\"vce vce-single-image-wrapper\" id=\"el-c204ea03\" data-vce-do-apply=\"all el-c204ea03\"><figure><div class=\"vce-single-image-inner vce-single-image--absolute\" style=\"padding-bottom: 75%; width: 600px;\"><img loading=\"lazy\" class=\"vce-single-image vcv-lozad\" data-src=\"https:\/\/www.clubatletismojaca.com\/wp-content\/uploads\/2024\/12\/montana2-600x450.jpg\" width=\"600\" height=\"450\" srcset=\"https:\/\/www.clubatletismojaca.com\/wp-content\/uploads\/2024\/12\/montana2-320x240.jpg 320w,https:\/\/www.clubatletismojaca.com\/wp-content\/uploads\/2024\/12\/montana2-480x360.jpg 480w,https:\/\/www.clubatletismojaca.com\/wp-content\/uploads\/2024\/12\/montana2-600x450.jpg 600w\" src=\"\" data-img-src=\"https:\/\/www.clubatletismojaca.com\/wp-content\/uploads\/2018\/04\/montana2.jpg\" alt=\"\" title=\"montana2\" \/><noscript>\n        <img loading=\"lazy\" class=\"vce-single-image\" src=\"https:\/\/www.clubatletismojaca.com\/wp-content\/uploads\/2018\/04\/montana2.jpg\" width=\"600\" height=\"450\" alt=\"\" title=\"montana2\" \/>\n      <\/noscript><\/div><figcaption hidden=\"\"><\/figcaption><\/figure><\/div><\/div><\/div><\/div><\/div><\/div><\/div><\/div><div class=\"vce-row-container\" data-vce-boxed-width=\"true\"><div class=\"vce-row vce-row--col-gap-30 vce-row-equal-height vce-row-content--top\" id=\"el-2342d569\" data-vce-do-apply=\"all el-2342d569\"><div class=\"vce-row-content\" data-vce-element-content=\"true\"><div class=\"vce-col vce-col--md-auto vce-col--xs-1 vce-col--xs-last vce-col--xs-first vce-col--sm-last vce-col--sm-first vce-col--md-last vce-col--lg-last vce-col--xl-last vce-col--md-first vce-col--lg-first vce-col--xl-first\" id=\"el-9c23a4eb\"><div class=\"vce-col-inner\" data-vce-do-apply=\"border margin background  el-9c23a4eb\"><div class=\"vce-col-content\" data-vce-element-content=\"true\" data-vce-do-apply=\"padding el-9c23a4eb\"><div class=\"vce-text-block\"><div class=\"vce-text-block-wrapper vce\" id=\"el-eaf77196\" data-vce-do-apply=\"all el-eaf77196\"><p>Si practicas monta\u00f1a, h\u00e1zlo seguro<\/p><\/div><\/div><\/div><\/div><\/div><\/div><\/div><\/div><div class=\"vce-row-container\" data-vce-boxed-width=\"true\"><div class=\"vce-row vce-row--col-gap-30 vce-row-equal-height vce-row-content--top\" id=\"el-c664ee22\" data-vce-do-apply=\"all el-c664ee22\"><div class=\"vce-row-content\" data-vce-element-content=\"true\"><div class=\"vce-col vce-col--md-auto vce-col--xs-1 vce-col--xs-last vce-col--xs-first vce-col--sm-last vce-col--sm-first vce-col--md-first vce-col--lg-first vce-col--xl-first\" id=\"el-965f08af\"><div class=\"vce-col-inner\" data-vce-do-apply=\"border margin background  el-965f08af\"><div class=\"vce-col-content\" data-vce-element-content=\"true\" data-vce-do-apply=\"padding el-965f08af\"><div class=\"vce-single-image-container vce-single-image--align-center\"><div class=\"vce vce-single-image-wrapper\" id=\"el-52cd3f12\" data-vce-do-apply=\"all el-52cd3f12\"><figure><div class=\"vce-single-image-inner vce-single-image--absolute\" style=\"padding-bottom: 100%; width: 234px;\"><img loading=\"lazy\" class=\"vce-single-image vcv-lozad\" data-src=\"https:\/\/www.clubatletismojaca.com\/wp-content\/uploads\/2024\/12\/fam-234x234.png\" width=\"234\" height=\"234\" srcset=\"https:\/\/www.clubatletismojaca.com\/wp-content\/uploads\/2024\/12\/fam-234x234.png 234w\" src=\"\" data-img-src=\"https:\/\/www.clubatletismojaca.com\/wp-content\/uploads\/2018\/04\/fam.png\" alt=\"\" title=\"fam\" \/><noscript>\n        <img loading=\"lazy\" class=\"vce-single-image\" src=\"https:\/\/www.clubatletismojaca.com\/wp-content\/uploads\/2018\/04\/fam.png\" width=\"234\" height=\"234\" alt=\"\" title=\"fam\" \/>\n      <\/noscript><\/div><figcaption hidden=\"\"><\/figcaption><\/figure><\/div><\/div><\/div><\/div><\/div><div class=\"vce-col vce-col--md-auto vce-col--xs-1 vce-col--xs-last vce-col--xs-first vce-col--sm-last vce-col--sm-first vce-col--md-last vce-col--lg-last vce-col--xl-last\" id=\"el-0e18b7c8\"><div class=\"vce-col-inner\" data-vce-do-apply=\"border margin background  el-0e18b7c8\"><div class=\"vce-col-content\" data-vce-element-content=\"true\" data-vce-do-apply=\"padding el-0e18b7c8\"><div class=\"vce-text-block\"><div class=\"vce-text-block-wrapper vce\" id=\"el-50487a1a\" data-vce-do-apply=\"all el-50487a1a\"><p align=\"justify\">En los siguentes enlaces podr\u00e1s ver las modalidades y precios de las diferentes licencias federativas.<\/p><ul><li><strong>Modalidades:&nbsp;<\/strong><a href=\"http:\/\/www.fam.es\/guia-fam\/tarjeta\/modalidades\" target=\"_blank\" rel=\"noopener\">http:\/\/www.fam.es\/guia-fam\/tarjeta\/modalidades<\/a><\/li><li><strong>Cuadro de garantias:&nbsp;<\/strong><a href=\"http:\/\/www.fam.es\/guia-fam\/tarjeta\/cuadro-de-garantias\" target=\"_blank\" rel=\"noopener\">http:\/\/www.fam.es\/guia-fam\/tarjeta\/cuadro-de-garantias<\/a><\/li><li><strong>Asistencia:&nbsp;<\/strong><a href=\"http:\/\/www.fam.es\/guia-fam\/tarjeta\/asistencia\" target=\"_blank\" rel=\"noopener\">http:\/\/www.fam.es\/guia-fam\/tarjeta\/asistencia<\/a><\/li><li><strong>Qu\u00e9 hacer en caso de <\/strong><a href=\"https:\/\/www.fam.es\/guia-fam\/tarjeta\/en-caso-de-accidente\">accidente:https:\/\/www.fam.es\/guia-fam\/tarjeta\/en-caso-de-accidente<\/a><\/li><\/ul><\/div><\/div><div class=\"vce-text-block\"><div class=\"vce-text-block-wrapper vce\" id=\"el-58534081\" data-vce-do-apply=\"all el-58534081\"><p>Tenemos unas normas de convivencia y actuaci\u00f3n que hay que acatar y respetar. Todos los socios y participantes en las actividades del club est\u00e1n obligados a conocer y aceptar.<\/p><p><a href=\"https:\/\/www.clubatletismojaca.com\/wp-content\/uploads\/2023\/06\/NORMAS-SECCION-ANDARINES-C.A.J.pdf\">&nbsp;PDF : Pincha aqu\u00ed para ver las NORMAS DE CONVIVENCIA Y ACTUACI\u00d3N.<\/a><\/p><p>&nbsp;<\/p><\/div><\/div><div class=\"vce-text-block\"><div class=\"vce-text-block-wrapper vce\" id=\"el-c14d1e89\" data-vce-do-apply=\"all el-c14d1e89\"><h3><span style=\"color: #ff0000;\"><a style=\"color: #ff0000;\" href=\"https:\/\/forms.gle\/9QQUAyjpop8g2KZU9\">Hazte socio pinchando aqu\u00ed.<\/a><\/span><\/h3><p><span style=\"font-size: 16pt;\"><strong>FEDERATE EN MONTA\u00d1A<\/strong><\/span><\/p><p>Si te quieres federar en monta\u00f1a nosotros te podemos gestionar el tr\u00e1mite, pero es imprescindible que seas socio del club.<\/p><p>Si no eres socio, primero tienes que rellenar la ficha de \" Hazte socio\" y despu\u00e9s el de \"Quiero federarme en monta\u00f1a\"<\/p><p>Si ya lo eres, solamente tienes que rellenar el siguiente formulario:<\/p><p><strong>Quiero federarme en monta\u00f1a<\/strong><\/p><p><a href=\"https:\/\/forms.gle\/pKmDzjy1LWsDZm3x6\">https:\/\/forms.gle\/pKmDzjy1LWsDZm3x6<\/a><\/p><p>El Club Atletismo Jaca est\u00e1 vinculado a la Federaci\u00f3n Aragonesa de Monta\u00f1a (FAM)<\/p><\/div><\/div><\/div><\/div><\/div><\/div><\/div><\/div><div class=\"vce-row-container\" data-vce-boxed-width=\"true\"><div class=\"vce-row vce-row--col-gap-30 vce-row-equal-height vce-row-content--top\" id=\"el-f0a238f6\" data-vce-do-apply=\"all el-f0a238f6\"><div class=\"vce-row-content\" data-vce-element-content=\"true\"><div class=\"vce-col vce-col--md-auto vce-col--xs-1 vce-col--xs-last vce-col--xs-first vce-col--sm-last vce-col--sm-first vce-col--md-last vce-col--lg-last vce-col--xl-last vce-col--md-first vce-col--lg-first vce-col--xl-first\" id=\"el-077d5e43\"><div class=\"vce-col-inner\" data-vce-do-apply=\"border margin background  el-077d5e43\"><div class=\"vce-col-content\" data-vce-element-content=\"true\" data-vce-do-apply=\"padding el-077d5e43\"><div class=\"vce-single-image-container vce-single-image--align-center\"><div class=\"vce vce-single-image-wrapper\" id=\"el-d2edd3b3\" data-vce-do-apply=\"all el-d2edd3b3\"><figure><div class=\"vce-single-image-inner vce-single-image--absolute\" style=\"padding-bottom: 75%; width: 1024px;\"><img loading=\"lazy\" class=\"vce-single-image vcv-lozad\" data-src=\"https:\/\/www.clubatletismojaca.com\/wp-content\/uploads\/2024\/12\/WhatsApp-Image-2021-11-21-at-17.58.56-1024x768.jpeg\" width=\"1024\" height=\"768\" srcset=\"https:\/\/www.clubatletismojaca.com\/wp-content\/uploads\/2024\/12\/WhatsApp-Image-2021-11-21-at-17.58.56-320x240.jpeg 320w,https:\/\/www.clubatletismojaca.com\/wp-content\/uploads\/2024\/12\/WhatsApp-Image-2021-11-21-at-17.58.56-480x360.jpeg 480w,https:\/\/www.clubatletismojaca.com\/wp-content\/uploads\/2024\/12\/WhatsApp-Image-2021-11-21-at-17.58.56-800x600.jpeg 800w,https:\/\/www.clubatletismojaca.com\/wp-content\/uploads\/2024\/12\/WhatsApp-Image-2021-11-21-at-17.58.56-1024x768.jpeg 1024w\" src=\"\" data-img-src=\"https:\/\/www.clubatletismojaca.com\/wp-content\/uploads\/2024\/12\/WhatsApp-Image-2021-11-21-at-17.58.56.jpeg\" alt=\"\" title=\"WhatsApp Image 2021-11-21 at 17.58.56\" \/><noscript>\n        <img loading=\"lazy\" class=\"vce-single-image\" src=\"https:\/\/www.clubatletismojaca.com\/wp-content\/uploads\/2024\/12\/WhatsApp-Image-2021-11-21-at-17.58.56.jpeg\" width=\"1024\" height=\"768\" alt=\"\" title=\"WhatsApp Image 2021-11-21 at 17.58.56\" \/>\n      <\/noscript><\/div><figcaption hidden=\"\"><\/figcaption><\/figure><\/div><\/div><\/div><\/div><\/div><\/div><\/div><\/div>\n","protected":false},"excerpt":{"rendered":"<div class=\"slide-text-bg2\"><span>Nuestro club est\u00e1 inscrito en la Federaci\u00f3n Aragonesa de Monta\u00f1a, con lo que si eres socio te puedes beneficiar de todas las ventajas que supone esto. R<\/span><\/div>\n<div class=\"slide-btn-area-sm\"><a href=\"https:\/\/www.clubatletismojaca.com\/index.php\/montana\/\" class=\"slide-btn-sm\">Leer m\u00e1s<\/a><\/div>\n","protected":false},"author":2,"featured_media":0,"parent":0,"menu_order":0,"comment_status":"closed","ping_status":"closed","template":"","meta":[],"_links":{"self":[{"href":"https:\/\/www.clubatletismojaca.com\/index.php\/wp-json\/wp\/v2\/pages\/15"}],"collection":[{"href":"https:\/\/www.clubatletismojaca.com\/index.php\/wp-json\/wp\/v2\/pages"}],"about":[{"href":"https:\/\/www.clubatletismojaca.com\/index.php\/wp-json\/wp\/v2\/types\/page"}],"author":[{"embeddable":true,"href":"https:\/\/www.clubatletismojaca.com\/index.php\/wp-json\/wp\/v2\/users\/2"}],"replies":[{"embeddable":true,"href":"https:\/\/www.clubatletismojaca.com\/index.php\/wp-json\/wp\/v2\/comments?post=15"}],"version-history":[{"count":24,"href":"https:\/\/www.clubatletismojaca.com\/index.php\/wp-json\/wp\/v2\/pages\/15\/revisions"}],"predecessor-version":[{"id":1243,"href":"https:\/\/www.clubatletismojaca.com\/index.php\/wp-json\/wp\/v2\/pages\/15\/revisions\/1243"}],"wp:attachment":[{"href":"https:\/\/www.clubatletismojaca.com\/index.php\/wp-json\/wp\/v2\/media?parent=15"}],"curies":[{"name":"wp","href":"https:\/\/api.w.org\/{rel}","templated":true}]}}