{"id":13,"date":"2018-04-02T09:23:58","date_gmt":"2018-04-02T09:23:58","guid":{"rendered":"http:\/\/www.peachinformatica.com\/caj\/?page_id=13"},"modified":"2025-12-01T19:28:25","modified_gmt":"2025-12-01T19:28:25","slug":"escuela","status":"publish","type":"page","link":"https:\/\/www.clubatletismojaca.com\/index.php\/escuela\/","title":{"rendered":"Escuela"},"content":{"rendered":"<div class=\"vce-row-container\" data-vce-boxed-width=\"true\"><div class=\"vce-row vce-row--col-gap-30 vce-row-equal-height vce-row-content--top\" id=\"el-179d2bf3\" data-vce-do-apply=\"all el-179d2bf3\"><div class=\"vce-row-content\" data-vce-element-content=\"true\"><div class=\"vce-col vce-col--md-auto vce-col--xs-1 vce-col--xs-last vce-col--xs-first vce-col--sm-last vce-col--sm-first vce-col--md-last vce-col--lg-last vce-col--xl-last vce-col--md-first vce-col--lg-first vce-col--xl-first\" id=\"el-20ef713d\"><div class=\"vce-col-inner\" data-vce-do-apply=\"border margin background  el-20ef713d\"><div class=\"vce-col-content\" data-vce-element-content=\"true\" data-vce-do-apply=\"padding el-20ef713d\"><div class=\"vce-text-block\"><div class=\"vce-text-block-wrapper vce\" id=\"el-d1248f41\" data-vce-do-apply=\"all el-d1248f41\"><h5>&nbsp;<\/h5><p align=\"justify\">&nbsp;<\/p><p align=\"justify\"><span style=\"font-size: 21.3333px;\"><b>Comienzo de la ESCUELA DE ATLETISMO el 15 de septiembre<\/b><\/span><\/p><p align=\"justify\"><strong>. Las plazas son limitadas.<\/strong><\/p><ul><li>El enviar el formulario no garantiza tener plaza.&nbsp;<\/li><\/ul><p align=\"justify\">. <strong>Tendr\u00e1n preferencia los ni\u00f1os\/as inscritos en a\u00f1os anteriores y los hermanos de estos.<\/strong><\/p><p align=\"justify\"><strong>. El pago se har\u00e1 por trimestres, ( 1\u00ba-sept-oct-nov, 2\u00ba dic, enero, feb. 3\u00ba marzo, abril, mayo) no devolviendo ning\u00fan importe si el alumno deja de asistir a los entrenamientos.<\/strong><\/p><p align=\"justify\"><strong>. En el primer cargo se cobrar\u00e1 el importe del seguro de JJEE (10\u20ac) y en el caso de los alumnos a partir de&nbsp; S14, la licencia federativa (obligatoria), seg\u00fan tarifa vigente de la FAA.<\/strong>&nbsp;<\/p><p align=\"justify\"><strong>El club Atletismo Jaca se reserva el derecho de admisi\u00f3n.<\/strong><\/p><p align=\"justify\">HORARIOS:<\/p><p align=\"justify\">&nbsp;. Comienzo de las clases , 16 de septiembre<\/p><p align=\"justify\">&nbsp;Pista de atletismo:<br>\u25e6 Lunes y mi\u00e9rcoles&nbsp; de 17.00 a 19.30 hs y jueves de 18,00 a 19\u00b430 hr<br>&nbsp;Pista central del polideportivo Olimpia<br>\u25e6 Lunes y mi\u00e9rcoles de 17.00 a 18.00 hs<\/p><p>Est\u00e1 abierta para chavales de 4 a 18 a\u00f1os y est\u00e1 dirigida por monitores especializados.<br>Tenemos tres grupos:<\/p><ul><li><strong>Atletismo<\/strong><\/li><li><strong>Escuela de Competici\u00f3n<\/strong><\/li><\/ul><p><a href=\"https:\/\/forms.gle\/Jkcd5mJ6G2Pz2THC6\">FORMULARIO PARA DAR DE BAJA A UN ALUMNO DE LA ESCUELA DE ATLETISMO<\/a><\/p><p><a href=\"https:\/\/forms.gle\/Jkcd5mJ6G2Pz2THC6\">(PINCHA AQU\u00cd)<\/a><\/p><\/div><\/div><\/div><\/div><\/div><\/div><\/div><\/div><div class=\"vce-row-container\" data-vce-boxed-width=\"true\"><div class=\"vce-row vce-row--col-gap-30 vce-row-equal-height vce-row-content--top\" id=\"el-c81dc4ca\" data-vce-do-apply=\"all el-c81dc4ca\"><div class=\"vce-row-content\" data-vce-element-content=\"true\"><div class=\"vce-col vce-col--md-auto vce-col--xs-1 vce-col--xs-last vce-col--xs-first vce-col--sm-last vce-col--sm-first vce-col--md-first vce-col--lg-first vce-col--xl-first\" id=\"el-f91c2fe2\"><div class=\"vce-col-inner\" data-vce-do-apply=\"border margin background  el-f91c2fe2\"><div class=\"vce-col-content\" data-vce-element-content=\"true\" data-vce-do-apply=\"padding el-f91c2fe2\"><div class=\"vce-single-image-container vce-single-image--align-center\"><div class=\"vce vce-single-image-wrapper\" id=\"el-fcec0093\" data-vce-do-apply=\"all el-fcec0093\"><figure><div class=\"vce-single-image-inner vce-single-image--absolute\" style=\"padding-bottom: 75%; width: 1024px;\"><img loading=\"lazy\" class=\"vce-single-image vcv-lozad\" data-src=\"https:\/\/www.clubatletismojaca.com\/wp-content\/uploads\/2025\/12\/IMG-20250827-WA0015-1024x768.jpg\" width=\"1024\" height=\"768\" srcset=\"https:\/\/www.clubatletismojaca.com\/wp-content\/uploads\/2025\/12\/IMG-20250827-WA0015-320x240.jpg 320w,https:\/\/www.clubatletismojaca.com\/wp-content\/uploads\/2025\/12\/IMG-20250827-WA0015-480x360.jpg 480w,https:\/\/www.clubatletismojaca.com\/wp-content\/uploads\/2025\/12\/IMG-20250827-WA0015-800x600.jpg 800w,https:\/\/www.clubatletismojaca.com\/wp-content\/uploads\/2025\/12\/IMG-20250827-WA0015-1024x768.jpg 1024w\" src=\"\" data-img-src=\"https:\/\/www.clubatletismojaca.com\/wp-content\/uploads\/2025\/09\/IMG-20250827-WA0015.jpg\" alt=\"\" title=\"IMG-20250827-WA0015\" \/><noscript>\n        <img loading=\"lazy\" class=\"vce-single-image\" src=\"https:\/\/www.clubatletismojaca.com\/wp-content\/uploads\/2025\/09\/IMG-20250827-WA0015.jpg\" width=\"1024\" height=\"768\" alt=\"\" title=\"IMG-20250827-WA0015\" \/>\n      <\/noscript><\/div><figcaption hidden=\"\"><\/figcaption><\/figure><\/div><\/div><div class=\"vce-single-image-container vce-single-image--align-left\"><div class=\"vce vce-single-image-wrapper\" id=\"el-07f23a6d\" data-vce-do-apply=\"all el-07f23a6d\"><figure><div class=\"vce-single-image-inner vce-single-image--absolute\" style=\"padding-bottom: 75%; width: 1024px;\"><img loading=\"lazy\" class=\"vce-single-image vcv-lozad\" data-src=\"https:\/\/www.clubatletismojaca.com\/wp-content\/uploads\/2025\/12\/IMG-20250827-WA0021-1024x768.jpg\" width=\"1024\" height=\"768\" srcset=\"https:\/\/www.clubatletismojaca.com\/wp-content\/uploads\/2025\/12\/IMG-20250827-WA0021-320x240.jpg 320w,https:\/\/www.clubatletismojaca.com\/wp-content\/uploads\/2025\/12\/IMG-20250827-WA0021-480x360.jpg 480w,https:\/\/www.clubatletismojaca.com\/wp-content\/uploads\/2025\/12\/IMG-20250827-WA0021-800x600.jpg 800w,https:\/\/www.clubatletismojaca.com\/wp-content\/uploads\/2025\/12\/IMG-20250827-WA0021-1024x768.jpg 1024w,https:\/\/www.clubatletismojaca.com\/wp-content\/uploads\/2025\/12\/IMG-20250827-WA0021-2048x1536.jpg 2x\" src=\"\" data-img-src=\"https:\/\/www.clubatletismojaca.com\/wp-content\/uploads\/2025\/09\/IMG-20250827-WA0021.jpg\" alt=\"\" title=\"IMG-20250827-WA0021\" \/><noscript>\n        <img loading=\"lazy\" class=\"vce-single-image\" src=\"https:\/\/www.clubatletismojaca.com\/wp-content\/uploads\/2025\/09\/IMG-20250827-WA0021.jpg\" width=\"1024\" height=\"768\" alt=\"\" title=\"IMG-20250827-WA0021\" \/>\n      <\/noscript><\/div><figcaption hidden=\"\"><\/figcaption><\/figure><\/div><\/div><\/div><\/div><\/div><div class=\"vce-col vce-col--md-auto vce-col--xs-1 vce-col--xs-last vce-col--xs-first vce-col--sm-last vce-col--sm-first vce-col--md-last vce-col--lg-last vce-col--xl-last\" id=\"el-07b30439\"><div class=\"vce-col-inner\" data-vce-do-apply=\"border margin background  el-07b30439\"><div class=\"vce-col-content\" data-vce-element-content=\"true\" data-vce-do-apply=\"padding el-07b30439\"><div class=\"vce-single-image-container vce-single-image--align-center\"><div class=\"vce vce-single-image-wrapper\" id=\"el-b27e3f87\" data-vce-do-apply=\"all el-b27e3f87\"><figure><div class=\"vce-single-image-inner vce-single-image--absolute vce-single-image--border-rounded\" style=\"padding-bottom: 133.333%; width: 768px;\"><img loading=\"lazy\" class=\"vce-single-image vcv-lozad\" data-src=\"https:\/\/www.clubatletismojaca.com\/wp-content\/uploads\/2025\/12\/IMG-20250827-WA0017-768x1024.jpg\" width=\"768\" height=\"1024\" srcset=\"https:\/\/www.clubatletismojaca.com\/wp-content\/uploads\/2025\/12\/IMG-20250827-WA0017-320x427.jpg 320w,https:\/\/www.clubatletismojaca.com\/wp-content\/uploads\/2025\/12\/IMG-20250827-WA0017-480x640.jpg 480w,https:\/\/www.clubatletismojaca.com\/wp-content\/uploads\/2025\/12\/IMG-20250827-WA0017-800x1067.jpg 800w,https:\/\/www.clubatletismojaca.com\/wp-content\/uploads\/2025\/12\/IMG-20250827-WA0017-768x1024.jpg 768w,https:\/\/www.clubatletismojaca.com\/wp-content\/uploads\/2025\/12\/IMG-20250827-WA0017-1536x2048.jpg 2x\" src=\"\" data-img-src=\"https:\/\/www.clubatletismojaca.com\/wp-content\/uploads\/2025\/09\/IMG-20250827-WA0017.jpg\" alt=\"\" title=\"IMG-20250827-WA0017\" \/><noscript>\n        <img loading=\"lazy\" class=\"vce-single-image\" src=\"https:\/\/www.clubatletismojaca.com\/wp-content\/uploads\/2025\/09\/IMG-20250827-WA0017.jpg\" width=\"768\" height=\"1024\" alt=\"\" title=\"IMG-20250827-WA0017\" \/>\n      <\/noscript><\/div><figcaption hidden=\"\"><\/figcaption><\/figure><\/div><\/div><\/div><\/div><\/div><\/div><\/div><\/div><div class=\"vce-row-container\" data-vce-boxed-width=\"true\"><div class=\"vce-row vce-row--col-gap-30 vce-row-equal-height vce-row-content--top\" id=\"el-a6fd71b5\" data-vce-do-apply=\"all el-a6fd71b5\"><div class=\"vce-row-content\" data-vce-element-content=\"true\"><div class=\"vce-col vce-col--md-auto vce-col--xs-1 vce-col--xs-last vce-col--xs-first vce-col--sm-last vce-col--sm-first vce-col--md-last vce-col--lg-last vce-col--xl-last vce-col--md-first vce-col--lg-first vce-col--xl-first\" id=\"el-c977a5bd\"><div class=\"vce-col-inner\" data-vce-do-apply=\"border margin background  el-c977a5bd\"><div class=\"vce-col-content\" data-vce-element-content=\"true\" data-vce-do-apply=\"padding el-c977a5bd\"><div class=\"vce-text-block\"><div class=\"vce-text-block-wrapper vce\" id=\"el-250e43a1\" data-vce-do-apply=\"all el-250e43a1\"><h2>HORARIOS Y TARIFAS<\/h2><p align=\"justify\"><strong>Atletismo.<\/strong> 25 \u20ac al mes.<br>Lunes y mi\u00e9rcoles de 17\u00b400h a 18\u00b400h en el polideportivo \u201cOlimpia\u201d y pistas de atletismo.<\/p><p align=\"justify\"><strong>Escuela de Competici\u00f3n.<\/strong><\/p><p align=\"justify\">Lunes, mi\u00e9rcoles y jueves&nbsp; de 18 a 19\u00b415&nbsp; hr.&nbsp; &nbsp;30 \u20ac al mes.<br>Desde 2\u00ba de la E.S.O.<\/p><p align=\"justify\">Los alumnos que entren en estas categor\u00edas deber\u00e1n abonar 10\u20ac en la primera cuota de la temporada para el pago del Seguro de Responsabilidad de los Juegos Escolares de Arag\u00f3n.<\/p><p align=\"justify\">Los alumnos que quieran participar en competiciones de los Juegos Escolares en Edad Escolar, (JDEE) deber\u00e1n tramitar, a trav\u00e9s del club el DEA (Dorsal Deportivo de Arag\u00f3n) con un coste de 14 \u20ac.<\/p><p align=\"justify\">El pago de las cuotas ser\u00e1 trimestral.<\/p><p align=\"justify\">Se cobrar\u00e1 la cuota \u00edntegra, sea cual sea la fecha de inscripci\u00f3n del alumno\/a.<\/p><p align=\"justify\">La devoluci\u00f3n de dicho recibo conllevar\u00e1 un sobrecoste de 4\u20ac.<\/p><p align=\"justify\">Si est\u00e1s interesado\/a en acudir a esta escuela puedes contactar a trav\u00e9s del correo: atletismojaca@gmail.com<\/p><\/div><\/div><\/div><\/div><\/div><\/div><\/div><\/div><div class=\"vce-row-container\" data-vce-boxed-width=\"true\"><div class=\"vce-row vce-row--col-gap-30 vce-row-equal-height vce-row-content--top\" id=\"el-a1573c72\" data-vce-do-apply=\"all el-a1573c72\"><div class=\"vce-row-content\" data-vce-element-content=\"true\"><div class=\"vce-col vce-col--md-auto vce-col--xs-1 vce-col--xs-last vce-col--xs-first vce-col--sm-last vce-col--sm-first vce-col--md-first vce-col--lg-first vce-col--xl-first\" id=\"el-dd1effbd\"><div class=\"vce-col-inner\" data-vce-do-apply=\"border margin background  el-dd1effbd\"><div class=\"vce-col-content\" data-vce-element-content=\"true\" data-vce-do-apply=\"padding el-dd1effbd\"><div class=\"vce-single-image-container vce-single-image--align-center\"><div class=\"vce vce-single-image-wrapper\" id=\"el-27b0ae87\" data-vce-do-apply=\"all el-27b0ae87\"><figure><div class=\"vce-single-image-inner vce-single-image--absolute\" style=\"padding-bottom: 75.7812%; width: 1024px;\"><img loading=\"lazy\" class=\"vce-single-image vcv-lozad\" data-src=\"https:\/\/www.clubatletismojaca.com\/wp-content\/uploads\/2025\/12\/foto-escuela-2022-1024x776.jpeg\" width=\"1024\" height=\"776\" srcset=\"https:\/\/www.clubatletismojaca.com\/wp-content\/uploads\/2025\/12\/foto-escuela-2022-320x243.jpeg 320w,https:\/\/www.clubatletismojaca.com\/wp-content\/uploads\/2025\/12\/foto-escuela-2022-480x364.jpeg 480w,https:\/\/www.clubatletismojaca.com\/wp-content\/uploads\/2025\/12\/foto-escuela-2022-800x606.jpeg 800w,https:\/\/www.clubatletismojaca.com\/wp-content\/uploads\/2025\/12\/foto-escuela-2022-1024x776.jpeg 1024w\" src=\"\" data-img-src=\"https:\/\/www.clubatletismojaca.com\/wp-content\/uploads\/2022\/04\/foto-escuela-2022.jpeg\" alt=\"\" title=\"foto escuela 2022\" \/><noscript>\n        <img loading=\"lazy\" class=\"vce-single-image\" src=\"https:\/\/www.clubatletismojaca.com\/wp-content\/uploads\/2022\/04\/foto-escuela-2022.jpeg\" width=\"1024\" height=\"776\" alt=\"\" title=\"foto escuela 2022\" \/>\n      <\/noscript><\/div><figcaption hidden=\"\"><\/figcaption><\/figure><\/div><\/div><div class=\"vce-single-image-container vce-single-image--align-left\"><div class=\"vce vce-single-image-wrapper\" id=\"el-f1d77e01\" data-vce-do-apply=\"all el-f1d77e01\"><figure><div class=\"vce-single-image-inner vce-single-image--absolute\" style=\"padding-bottom: 177.778%; width: 576px;\"><img loading=\"lazy\" class=\"vce-single-image vcv-lozad\" data-src=\"https:\/\/www.clubatletismojaca.com\/wp-content\/uploads\/2025\/12\/IMG-20241023-WA0074-576x1024.jpg\" width=\"576\" height=\"1024\" srcset=\"https:\/\/www.clubatletismojaca.com\/wp-content\/uploads\/2025\/12\/IMG-20241023-WA0074-320x569.jpg 320w,https:\/\/www.clubatletismojaca.com\/wp-content\/uploads\/2025\/12\/IMG-20241023-WA0074-480x853.jpg 480w,https:\/\/www.clubatletismojaca.com\/wp-content\/uploads\/2025\/12\/IMG-20241023-WA0074-800x1422.jpg 800w,https:\/\/www.clubatletismojaca.com\/wp-content\/uploads\/2025\/12\/IMG-20241023-WA0074-576x1024.jpg 576w,https:\/\/www.clubatletismojaca.com\/wp-content\/uploads\/2025\/12\/IMG-20241023-WA0074-1152x2048.jpg 2x\" src=\"\" data-img-src=\"https:\/\/www.clubatletismojaca.com\/wp-content\/uploads\/2025\/09\/IMG-20241023-WA0074.jpg\" alt=\"\" title=\"IMG-20241023-WA0074\" \/><noscript>\n        <img loading=\"lazy\" class=\"vce-single-image\" src=\"https:\/\/www.clubatletismojaca.com\/wp-content\/uploads\/2025\/09\/IMG-20241023-WA0074.jpg\" width=\"576\" height=\"1024\" alt=\"\" title=\"IMG-20241023-WA0074\" \/>\n      <\/noscript><\/div><figcaption hidden=\"\"><\/figcaption><\/figure><\/div><\/div><\/div><\/div><\/div><div class=\"vce-col vce-col--md-auto vce-col--xs-1 vce-col--xs-last vce-col--xs-first vce-col--sm-last vce-col--sm-first vce-col--md-last vce-col--lg-last vce-col--xl-last\" id=\"el-cf518077\"><div class=\"vce-col-inner\" data-vce-do-apply=\"border margin background  el-cf518077\"><div class=\"vce-col-content\" data-vce-element-content=\"true\" data-vce-do-apply=\"padding el-cf518077\"><div class=\"vce-single-image-container vce-single-image--align-center\"><div class=\"vce vce-single-image-wrapper\" id=\"el-1f3b7385\" data-vce-do-apply=\"all el-1f3b7385\"><figure><div class=\"vce-single-image-inner vce-single-image--absolute\" style=\"padding-bottom: 66.6%; width: 1000px;\"><img loading=\"lazy\" class=\"vce-single-image vcv-lozad\" data-src=\"https:\/\/www.clubatletismojaca.com\/wp-content\/uploads\/2025\/12\/escuela6-1000x666.jpg\" width=\"1000\" height=\"666\" srcset=\"https:\/\/www.clubatletismojaca.com\/wp-content\/uploads\/2025\/12\/escuela6-320x213.jpg 320w,https:\/\/www.clubatletismojaca.com\/wp-content\/uploads\/2025\/12\/escuela6-480x320.jpg 480w,https:\/\/www.clubatletismojaca.com\/wp-content\/uploads\/2025\/12\/escuela6-800x533.jpg 800w,https:\/\/www.clubatletismojaca.com\/wp-content\/uploads\/2025\/12\/escuela6-1000x666.jpg 1000w\" src=\"\" data-img-src=\"https:\/\/www.clubatletismojaca.com\/wp-content\/uploads\/2018\/04\/escuela6.jpg\" alt=\"\" title=\"escuela6\" \/><noscript>\n        <img loading=\"lazy\" class=\"vce-single-image\" src=\"https:\/\/www.clubatletismojaca.com\/wp-content\/uploads\/2018\/04\/escuela6.jpg\" width=\"1000\" height=\"666\" alt=\"\" title=\"escuela6\" \/>\n      <\/noscript><\/div><figcaption hidden=\"\"><\/figcaption><\/figure><\/div><\/div><div class=\"vce-single-image-container vce-single-image--align-left\"><div class=\"vce vce-single-image-wrapper\" id=\"el-2f11274a\" data-vce-do-apply=\"all el-2f11274a\"><figure><div class=\"vce-single-image-inner vce-single-image--absolute\" style=\"padding-bottom: 56.25%; width: 1024px;\"><img loading=\"lazy\" class=\"vce-single-image vcv-lozad\" data-src=\"https:\/\/www.clubatletismojaca.com\/wp-content\/uploads\/2025\/12\/IMG-20250827-WA0027-1024x576.jpg\" width=\"1024\" height=\"576\" srcset=\"https:\/\/www.clubatletismojaca.com\/wp-content\/uploads\/2025\/12\/IMG-20250827-WA0027-320x180.jpg 320w,https:\/\/www.clubatletismojaca.com\/wp-content\/uploads\/2025\/12\/IMG-20250827-WA0027-480x270.jpg 480w,https:\/\/www.clubatletismojaca.com\/wp-content\/uploads\/2025\/12\/IMG-20250827-WA0027-800x450.jpg 800w,https:\/\/www.clubatletismojaca.com\/wp-content\/uploads\/2025\/12\/IMG-20250827-WA0027-1024x576.jpg 1024w\" src=\"\" data-img-src=\"https:\/\/www.clubatletismojaca.com\/wp-content\/uploads\/2025\/09\/IMG-20250827-WA0027.jpg\" alt=\"\" title=\"IMG-20250827-WA0027\" \/><noscript>\n        <img loading=\"lazy\" class=\"vce-single-image\" src=\"https:\/\/www.clubatletismojaca.com\/wp-content\/uploads\/2025\/09\/IMG-20250827-WA0027.jpg\" width=\"1024\" height=\"576\" alt=\"\" title=\"IMG-20250827-WA0027\" \/>\n      <\/noscript><\/div><figcaption hidden=\"\"><\/figcaption><\/figure><\/div><\/div><div class=\"vce-single-image-container vce-single-image--align-left\"><div class=\"vce vce-single-image-wrapper\" id=\"el-cb37d4c8\" data-vce-do-apply=\"all el-cb37d4c8\"><figure><div class=\"vce-single-image-inner vce-single-image--absolute\" style=\"padding-bottom: 72.3633%; width: 1024px;\"><img loading=\"lazy\" class=\"vce-single-image vcv-lozad\" data-src=\"https:\/\/www.clubatletismojaca.com\/wp-content\/uploads\/2025\/12\/IMG-20250827-WA0032-1024x741.jpg\" width=\"1024\" height=\"741\" srcset=\"https:\/\/www.clubatletismojaca.com\/wp-content\/uploads\/2025\/12\/IMG-20250827-WA0032-320x232.jpg 320w,https:\/\/www.clubatletismojaca.com\/wp-content\/uploads\/2025\/12\/IMG-20250827-WA0032-480x347.jpg 480w,https:\/\/www.clubatletismojaca.com\/wp-content\/uploads\/2025\/12\/IMG-20250827-WA0032-800x579.jpg 800w,https:\/\/www.clubatletismojaca.com\/wp-content\/uploads\/2025\/12\/IMG-20250827-WA0032-1024x741.jpg 1024w,https:\/\/www.clubatletismojaca.com\/wp-content\/uploads\/2025\/12\/IMG-20250827-WA0032-2048x1482.jpg 2x\" src=\"\" data-img-src=\"https:\/\/www.clubatletismojaca.com\/wp-content\/uploads\/2025\/09\/IMG-20250827-WA0032.jpg\" alt=\"\" title=\"IMG-20250827-WA0032\" \/><noscript>\n        <img loading=\"lazy\" class=\"vce-single-image\" src=\"https:\/\/www.clubatletismojaca.com\/wp-content\/uploads\/2025\/09\/IMG-20250827-WA0032.jpg\" width=\"1024\" height=\"741\" alt=\"\" title=\"IMG-20250827-WA0032\" \/>\n      <\/noscript><\/div><figcaption hidden=\"\"><\/figcaption><\/figure><\/div><\/div><\/div><\/div><\/div><\/div><\/div><\/div>\n","protected":false},"excerpt":{"rendered":"<div class=\"slide-text-bg2\"><span>&nbsp;&nbsp;Comienzo de la ESCUELA DE ATLETISMO el 15 de septiembre. Las plazas son limitadas.El enviar el formulario no garantiza tener plaza.&nbsp;. Tend<\/span><\/div>\n<div class=\"slide-btn-area-sm\"><a href=\"https:\/\/www.clubatletismojaca.com\/index.php\/escuela\/\" class=\"slide-btn-sm\">Leer m\u00e1s<\/a><\/div>\n","protected":false},"author":2,"featured_media":0,"parent":0,"menu_order":0,"comment_status":"closed","ping_status":"closed","template":"","meta":[],"_links":{"self":[{"href":"https:\/\/www.clubatletismojaca.com\/index.php\/wp-json\/wp\/v2\/pages\/13"}],"collection":[{"href":"https:\/\/www.clubatletismojaca.com\/index.php\/wp-json\/wp\/v2\/pages"}],"about":[{"href":"https:\/\/www.clubatletismojaca.com\/index.php\/wp-json\/wp\/v2\/types\/page"}],"author":[{"embeddable":true,"href":"https:\/\/www.clubatletismojaca.com\/index.php\/wp-json\/wp\/v2\/users\/2"}],"replies":[{"embeddable":true,"href":"https:\/\/www.clubatletismojaca.com\/index.php\/wp-json\/wp\/v2\/comments?post=13"}],"version-history":[{"count":65,"href":"https:\/\/www.clubatletismojaca.com\/index.php\/wp-json\/wp\/v2\/pages\/13\/revisions"}],"predecessor-version":[{"id":1367,"href":"https:\/\/www.clubatletismojaca.com\/index.php\/wp-json\/wp\/v2\/pages\/13\/revisions\/1367"}],"wp:attachment":[{"href":"https:\/\/www.clubatletismojaca.com\/index.php\/wp-json\/wp\/v2\/media?parent=13"}],"curies":[{"name":"wp","href":"https:\/\/api.w.org\/{rel}","templated":true}]}}